{"id":3717,"date":"2016-03-31T02:06:02","date_gmt":"2016-03-31T02:06:02","guid":{"rendered":"http:\/\/craigswapp1.wpengine.com\/?page_id=3717"},"modified":"2021-05-10T14:00:02","modified_gmt":"2021-05-10T14:00:02","slug":"pocatello","status":"publish","type":"page","link":"https:\/\/craigswapp.com\/spanish\/pocatello\/","title":{"rendered":"Abogado de Lesiones Personales en Pocatello"},"content":{"rendered":"<br \/>\n<hr \/>\n<div class=\"row google-map\"><iframe loading=\"lazy\" src=\"https:\/\/www.google.com\/maps\/embed?pb=!1m18!1m12!1m3!1d46790.27362507032!2d-112.42816799999999!3d42.864567499999986!2m3!1f0!2f0!3f0!3m2!1i1024!2i768!4f13.1!3m3!1m2!1s0x53554f20d5d09b0d%3A0x70c6a2484ce39b0!2sPocatello%2C+ID!5e0!3m2!1sen!2sus!4v1435679763316\" width=\"600\" height=\"450\" frameborder=\"0\" allowfullscreen=\"allowfullscreen\"><\/iframe><\/div>\n<p><img decoding=\"async\" class=\"alignleft size-medium wp-image-1047\" src=\"https:\/\/craigswapp.com\/spanish\/wp-content\/uploads\/2014\/09\/We-The-People-3001.jpg\" sizes=\"(max-width: 300px) 100vw, 300px\" srcset=\"https:\/\/craigswapp.com\/spanish\/wp-content\/uploads\/2014\/09\/constitution-300x194.jpg 300w, https:\/\/craigswapp.com\/spanish\/wp-content\/uploads\/2014\/09\/constitution.jpg 850w\" alt=\"Pocatello Personal Injury Lawyer\" \/><\/p>\n<p>Obtener su reclamaci\u00f3n de lesiones personales aprobado sin un abogado es una tarea dif\u00edcil. Como cualquier abogado puede decir, hay m\u00e1s involucrado de lo que la mayor\u00eda de la gente se da cuenta &#8211; especialmente cuando se trata de tratar con las compa\u00f1\u00edas de seguros. La gente olvida que estas empresas se benefician al mantener dinero para s\u00ed mismas. Si ced\u00edan f\u00e1cilmente a cada reclamo, pod\u00edan ir r\u00e1pidamente. Depende de nosotros asegurarnos de que est\u00e1n manteniendo sus obligaciones legales con usted. P\u00f3ngase en contacto con un abogado de lesiones personales en Pocatello para evaluar adecuadamente su reclamaci\u00f3n hoy. Es f\u00e1cil: simplemente marque el 208-331-0167 o el 855-628-5050 para empezar ahora. S\u00f3lo se necesita \u00abuna llamada basta!\u00bb<\/p>\n<h2>Despu\u00e9s de una\u00a0Lesi\u00f3n Personale Sucede<\/h2>\n<h3>Aesoramiento del Abogado sobre las Reclamaciones por Lesiones Personales<\/h3>\n<p>Un abogado siempre le aconsejar\u00e1 consultar a un m\u00e9dico. Su tratamiento m\u00e9dico determinar\u00e1 una gran parte de su compensaci\u00f3n, por lo que es un paso importante en el c\u00e1lculo de su pago final. No s\u00f3lo eso, sino que su salud siempre debe ponerse primero.<\/p>\n<p>La parte m\u00e1s importante de su demanda de lesiones personales, aparte del evento en s\u00ed, es su consulta. Es obligatorio que usted sea 100% honesto con su abogado acerca de lo que sucedi\u00f3. Exagerar, omitir o mentir sobre la informaci\u00f3n puede arruinar por completo su credibilidad y su caso puede colapsar r\u00e1pidamente. La honestidad es realmente la mejor pol\u00edtica (y la pol\u00edtica legal!) Cuando se trata de reclamaciones de lesiones personales.<\/p>\n<p>Puede que no sea necesario pasar por la molestia de visitar una sala de audiencias. Con un abogado experto a su lado, muchos casos pueden ser resueltos fuera de la corte. Despu\u00e9s de todo, el seguro en secreto sabe que te est\u00e1n cambiando a corto, y luchar por ello en la corte ser\u00eda un desperdicio de su tiempo en la mayor\u00eda de los casos. Deje que su abogado hablar, y su caso ser\u00e1 justificadamente resuelto en ning\u00fan momento.<\/p>\n<p>Las facturas m\u00e9dicas se acumulan con cada visita, y su estatuto de limitaciones se est\u00e1 deslizando m\u00e1s lejos, as\u00ed que no demore su llamada telef\u00f3nica r\u00e1pida a nuestra oficina. Nuestro abogado de lesiones personales en Pocatello esta aqui para servirle. \u00a1Los representantes est\u00e1n disponibles a cualquier hora, d\u00eda o noche!<\/p>\n<table class=\"table table-bordered\">\n<tbody>\n<tr>\n<td><\/td>\n<td>GOOGLE<\/td>\n<td><a href=\"https:\/\/plus.google.com\/+CraigswappWashingtonAttorney\/about\" target=\"_blank\" rel=\"noopener noreferrer\">Revisar las Clasificaciones<\/a><\/td>\n<\/tr>\n<tr>\n<td><\/td>\n<td>YELLOW PAGES<\/td>\n<td><a href=\"http:\/\/www.yellowpages.com\/search?search_terms=craig-swapp-associates&amp;geo_location_terms=sandy-ut\" target=\"_blank\" rel=\"noopener noreferrer\">Revisar las Clasificaciones<\/a><\/td>\n<\/tr>\n<tr>\n<td><\/td>\n<td>CITY SEARCH<\/td>\n<td><a href=\"https:\/\/utah.citysearch.com\/profile\/604424392\/sandy_ut\/craig_swapp_associates.html\" target=\"_blank\" rel=\"noopener noreferrer\">Revisar las Clasificaciones<\/a><\/td>\n<\/tr>\n<tr>\n<td><\/td>\n<td>INSIDER PAGES<\/td>\n<td><i class=\"fa fa-map-marker\"><\/i>Revisar las Clasificaciones<\/td>\n<\/tr>\n<tr>\n<td><\/td>\n<td>AVVO<\/td>\n<td>Revisar las Clasificaciones<\/td>\n<\/tr>\n<\/tbody>\n<\/table>\n<h3><i class=\"fa fa-comments fa-4x\"><\/i>Escuche lo que dicen nuestros clientes:<\/h3>\n<p>Los abogados todos han sido muy \u00fatil.Una vez un mes que llamar para hacerme saber cualquier nueva informaci\u00f3n, sent\u00ed que est\u00e1n trabajando para m\u00ed. Le dir\u00e9 a la gente acerca de Craig Swapp. Gracias.<\/p>\n<p><strong>Craig Swapp<\/strong><br \/>\n<i class=\"fa fa-quote-left\"><\/i><\/p>\n<p>Craig Swapp and Associates<br \/>\nAbogado de Lesiones Personales<br \/>\nPocatello, Utah<br \/>\n83209<br \/>\nUnited States<br \/>\n<i class=\"fa fa-envelope-o\"><\/i> <a href=\"mailto:info@craigswapp.com\" rel=\"nofollow\">info@craigswapp.com<\/a><br \/>\n<i class=\"fa fa-phone\"><\/i> <a href=\"tel:8004049000\" rel=\"nofollow\">1-855-628-5050<\/a><\/p>\n","protected":false},"excerpt":{"rendered":"<p>Obtener su reclamaci\u00f3n de lesiones personales aprobado sin un abogado es una tarea dif\u00edcil. Como cualquier abogado puede decir, hay m\u00e1s involucrado de lo que [&hellip;]<\/p>\n","protected":false},"author":2,"featured_media":0,"parent":0,"menu_order":0,"comment_status":"closed","ping_status":"closed","template":"","meta":{"_acf_changed":false,"inline_featured_image":false,"footnotes":""},"class_list":["post-3717","page","type-page","status-publish","hentry"],"acf":[],"_links":{"self":[{"href":"https:\/\/craigswapp.com\/spanish\/wp-json\/wp\/v2\/pages\/3717","targetHints":{"allow":["GET"]}}],"collection":[{"href":"https:\/\/craigswapp.com\/spanish\/wp-json\/wp\/v2\/pages"}],"about":[{"href":"https:\/\/craigswapp.com\/spanish\/wp-json\/wp\/v2\/types\/page"}],"author":[{"embeddable":true,"href":"https:\/\/craigswapp.com\/spanish\/wp-json\/wp\/v2\/users\/2"}],"replies":[{"embeddable":true,"href":"https:\/\/craigswapp.com\/spanish\/wp-json\/wp\/v2\/comments?post=3717"}],"version-history":[{"count":2,"href":"https:\/\/craigswapp.com\/spanish\/wp-json\/wp\/v2\/pages\/3717\/revisions"}],"predecessor-version":[{"id":11069,"href":"https:\/\/craigswapp.com\/spanish\/wp-json\/wp\/v2\/pages\/3717\/revisions\/11069"}],"wp:attachment":[{"href":"https:\/\/craigswapp.com\/spanish\/wp-json\/wp\/v2\/media?parent=3717"}],"curies":[{"name":"wp","href":"https:\/\/api.w.org\/{rel}","templated":true}]}}