{"id":3714,"date":"2016-03-31T02:08:44","date_gmt":"2016-03-31T02:08:44","guid":{"rendered":"http:\/\/craigswapp1.wpengine.com\/?page_id=3714"},"modified":"2021-05-10T13:57:06","modified_gmt":"2021-05-10T13:57:06","slug":"nampa","status":"publish","type":"page","link":"https:\/\/craigswapp.com\/spanish\/nampa\/","title":{"rendered":"Abogado de Lesiones Personales en Nampa"},"content":{"rendered":"<p>\nDe nuestras relaciones personales a nuestras carreras, todos queremos pasar por la vida fuerte, contenido y financieramente seguro. Sin embargo, la vida tiene vueltas y vueltas inesperadas, ya veces suceden cosas que no podemos controlar, como una lesi\u00f3n accidental debida al acto negligente de otro. Tu salud y tu vida pueden cambiar en un instante, dej\u00e1ndote con consecuencias que alteran la vida.<\/p>\n<p>Un accidente puede resultar en lesiones menores o graves, que a veces conducen a cuidados a largo plazo o una discapacidad permanente que requiere un tratamiento de por vida. Si usted estaba en un accidente de\u00a0carro\u00a0o de\u00a0cami\u00f3n, lastimado por un producto defectivo, o mordido por un perro, usted puede encontrarse incapaz de trabajar mientras que al mismo tiempo se ocupan de aumento de las facturas m\u00e9dicas.<\/p>\n<p>Si usted se lesion\u00f3 debido a la negligencia de otro, un abogado de lesiones personales en Nampa de Craig Swapp &amp; Associates puede recuperar los da\u00f1os que usted merece derecho.<\/p>\n<h2>Compensaci\u00f3n de Lesiones Personales en Idaho<\/h2>\n<p>La ley requiere que alguien cuya negligencia ha sido probada responsable de su lesi\u00f3n personal le compense las p\u00e9rdidas resultantes. Hay dos clases de p\u00e9rdidas,\u00a0<a href=\"https:\/\/www.facs.org\/\" target=\"_blank\" rel=\"noopener noreferrer\">econ\u00f3mico y no econ\u00f3mico<\/a>.<\/p>\n<p>Las p\u00e9rdidas econ\u00f3micas incluyen las siguientes:<\/p>\n<ul>\n<li style=\"font-weight: 400;\">Costo del tratamiento m\u00e9dico<\/li>\n<li style=\"font-weight: 400;\">P\u00e9rdida de ingresos futuros<\/li>\n<li style=\"font-weight: 400;\">Da\u00f1o a la propiedad<\/li>\n<li style=\"font-weight: 400;\">Dolor y sufrimiento<\/li>\n<\/ul>\n<p>Las p\u00e9rdidas no econ\u00f3micas son las siguientes:<\/p>\n<ul>\n<li style=\"font-weight: 400;\">Estr\u00e9s emocional<\/li>\n<li style=\"font-weight: 400;\">P\u00e9rdida de compa\u00f1erismo o consorcio<\/li>\n<li style=\"font-weight: 400;\">Muerte injusta<\/li>\n<\/ul>\n<p>Reclamar una compensaci\u00f3n financiera por sus p\u00e9rdidas es especialmente importante cuando ya no puede trabajar debido a lesiones a largo plazo o permanentes que resultan de su accidente de lesiones personales. Es posible recuperar los gastos m\u00e9dicos, la p\u00e9rdida de salarios futuros, y las p\u00e9rdidas no econ\u00f3micas de la calidad de vida reducida, que incluye dolor y sufrimiento. Un abogado de lesiones personales en Nampa de nuestra oficina puede valorar adecuadamente su reclamaci\u00f3n, asegur\u00e1ndose de que usted es compensado por todas sus p\u00e9rdidas.<\/p>\n<h2>Tipos de Lesiones Personales en Nampa<\/h2>\n<p>Lesiones catastr\u00f3ficas como lesiones cerebrales traum\u00e1ticas, lesiones de la m\u00e9dula espinal y\u00a0<a href=\"https:\/\/medlineplus.gov\/burns.html\" target=\"_blank\" rel=\"noopener noreferrer\">lesiones de quemaduras<\/a>\u00a0requieren una cantidad sustancial de dinero para tratar. Despu\u00e9s de sufrir un accidente devastador, su capacidad para recibir el tratamiento m\u00e9dico necesario que su lesi\u00f3n requiere puede depender directamente de la recuperaci\u00f3n de una indemnizaci\u00f3n suficiente de la parte responsable de sus p\u00e9rdidas.<\/p>\n<p>La compensaci\u00f3n m\u00e1s a menudo viene a trav\u00e9s de la compa\u00f1\u00eda de seguros de la persona responsable. Un abogado de lesiones personales Nampa de nuestra firma tendr\u00e1 la determinaci\u00f3n y experiencia de negociar agresivamente con las compa\u00f1\u00edas de seguros, recuperando la m\u00e1xima compensaci\u00f3n posible. Nuestro objetivo es asegurar que usted no tendr\u00e1 que preocuparse por el costo financiero de cuidar de usted o su familia.<\/p>\n<h2>Consulte a un Abogado de Lesiones Personales en Nampa<\/h2>\n<p>Si su lesi\u00f3n fue accidental o deliberada, un abogado de lesiones personales en Nampa de\u00a0<a href=\"https:\/\/craigswapp.com\/spanish\/\">Craig Swapp &amp; Associates<\/a>\u00a0luchar\u00e1 por sus derechos legales. As\u00ed como hemos representado con \u00e9xito a nuestros clientes a trav\u00e9s de Nampa y el estado de Idaho, vamos a agresiva y h\u00e1bilmente perseguir la compensaci\u00f3n leg\u00edtima que se merece.<\/p>\n<p>Su abogado de lesiones personales en Nampa comprender\u00e1 lo devastador que su lesi\u00f3n ha sido tanto para usted como para su familia. Una lesi\u00f3n causada por el descuido de otro puede ser una de las experiencias m\u00e1s frustrantes que una persona puede atravesar. Reconocemos el dolor y el sufrimiento y la angustia emocional que est\u00e1 experimentando, y estamos aqu\u00ed para ayudarle en su recuperaci\u00f3n.<\/p>\n<p>Contamos con el conocimiento y la experiencia en los cortes\u00a0<a href=\"https:\/\/birdeye.com\/craig-swapp-associates-147042625253278\" target=\"_blank\" rel=\"noopener noreferrer\">resultados consistentes e impresionantes<\/a>\u00a0de nuestros clientes. Para hablar con un abogado de lesiones personales en Nampa, llame al\u00a0<a href=\"tel:18004049000\">1-855-628-5050<\/a>\u00a0o env\u00ede nuestro formulario de contacto a continuaci\u00f3n. Programe su consulta personal gratuita y descubra c\u00f3mo podemos ayudarle.<\/p>\n","protected":false},"excerpt":{"rendered":"<p>De nuestras relaciones personales a nuestras carreras, todos queremos pasar por la vida fuerte, contenido y financieramente seguro. Sin embargo, la vida tiene vueltas y [&hellip;]<\/p>\n","protected":false},"author":2,"featured_media":0,"parent":0,"menu_order":0,"comment_status":"closed","ping_status":"closed","template":"","meta":{"_acf_changed":false,"inline_featured_image":false,"footnotes":""},"class_list":["post-3714","page","type-page","status-publish","hentry"],"acf":[],"_links":{"self":[{"href":"https:\/\/craigswapp.com\/spanish\/wp-json\/wp\/v2\/pages\/3714","targetHints":{"allow":["GET"]}}],"collection":[{"href":"https:\/\/craigswapp.com\/spanish\/wp-json\/wp\/v2\/pages"}],"about":[{"href":"https:\/\/craigswapp.com\/spanish\/wp-json\/wp\/v2\/types\/page"}],"author":[{"embeddable":true,"href":"https:\/\/craigswapp.com\/spanish\/wp-json\/wp\/v2\/users\/2"}],"replies":[{"embeddable":true,"href":"https:\/\/craigswapp.com\/spanish\/wp-json\/wp\/v2\/comments?post=3714"}],"version-history":[{"count":1,"href":"https:\/\/craigswapp.com\/spanish\/wp-json\/wp\/v2\/pages\/3714\/revisions"}],"predecessor-version":[{"id":11055,"href":"https:\/\/craigswapp.com\/spanish\/wp-json\/wp\/v2\/pages\/3714\/revisions\/11055"}],"wp:attachment":[{"href":"https:\/\/craigswapp.com\/spanish\/wp-json\/wp\/v2\/media?parent=3714"}],"curies":[{"name":"wp","href":"https:\/\/api.w.org\/{rel}","templated":true}]}}