{"id":3705,"date":"2016-03-31T01:42:56","date_gmt":"2016-03-31T01:42:56","guid":{"rendered":"http:\/\/craigswapp1.wpengine.com\/?page_id=3705"},"modified":"2021-05-10T13:05:33","modified_gmt":"2021-05-10T13:05:33","slug":"abogado-lesiones-personales-boise","status":"publish","type":"page","link":"https:\/\/craigswapp.com\/spanish\/abogado-lesiones-personales-boise\/","title":{"rendered":"Abogado de lesiones personales en Boise"},"content":{"rendered":"<p>\nUn accidente que conduce a una lesi\u00f3n puede ocurrir en cualquier momento y en cualquier lugar. Incluso la persona m\u00e1s cuidadosa y responsable corre el riesgo de sufrir lesiones debido a la negligencia de otros. Cuando un accidente como este le sucede a usted, una de las primeras cosas que debe hacer es consultar con un abogado de lesiones personales en Boise de\u00a0<a href=\"https:\/\/craigswapp.com\/spanish\/\">Craig Swapp &amp; Associates<\/a>.<\/p>\n<p>Alguien m\u00e1s que es culpable por lo que sucedi\u00f3 significa que no se debe esperar que pagar los gastos causados por el accidente y lesiones. Con el asesoramiento jur\u00eddico s\u00f3lido y la representaci\u00f3n agresiva de su lado, puede perseguir la compensaci\u00f3n financiera que le deben los responsables.<\/p>\n<h2>\u00bfQu\u00e9 cuenta como una lesi\u00f3n Personal en Idaho?<\/h2>\n<p>Las reclamaciones por lesiones personales son incre\u00edblemente diversas. Pr\u00e1cticamente cualquier negligencia que conduzca a da\u00f1os a la propiedad, una lesi\u00f3n o incluso difamaci\u00f3n de car\u00e1cter puede dar lugar a una demanda por lesiones personales que permite a la v\u00edctima buscar una compensaci\u00f3n financiera por los da\u00f1os que ha sufrido.<\/p>\n<p>Por supuesto, algunos tipos de casos de lesiones personales son mucho m\u00e1s comunes que otros. A continuaci\u00f3n se detallan algunos de los tipos de casos que un abogado de lesiones personales en Boise de nuestra oficina estar\u00e1 familiarizado con:<\/p>\n<ul>\n<li>Responsabilidades del edificio\u00a0\u2013 Las empresas y los propietarios tienen la obligaci\u00f3n de mantener sus lugares seguros para los visitantes. Si usted paso por una\u00a0<a href=\"https:\/\/craigswapp.com\/spanish\/abogado-mordida-perro\/\">mordida por un perro<\/a>\u00a0o un accidente de\u00a0resbalar y caer, el due\u00f1o de la propiedad podr\u00eda ser responsable de su accidente.<\/li>\n<li><a href=\"https:\/\/craigswapp.com\/spanish\/abogado-de-responsabilidad-del-producto-en-salt-lake-city\/\">Responsabilidad del producto<\/a>\u00a0\u2013 Cada vez que un producto se utiliza seg\u00fan lo previsto y se produce un resultado de lesiones, un producto defectuoso o un dise\u00f1o peligroso podr\u00eda ser el culpable. Su abogado de lesiones personales en Boise le ayudar\u00e1 a determinar qui\u00e9n en la cadena de fabricaci\u00f3n fue culpable.<\/li>\n<li><a href=\"https:\/\/craigswapp.com\/spanish\/abogado-negligencia-medica\/\">Negligencia m\u00e9dica<\/a>\u00a0\u2013 Debe ir sin decir que su proveedor de atenci\u00f3n m\u00e9dica debe tomar su salud tan seriamente como usted lo hace. Si su m\u00e9dico le ha causado da\u00f1o de alguna manera, podr\u00eda ser elegible buscar da\u00f1os a trav\u00e9s de una demanda por negligencia m\u00e9dica.<\/li>\n<li>Accidentes de construcci\u00f3n\u00a0\u2013 Teniendo en cuenta lo ca\u00f3tico que es el sitio de construcci\u00f3n t\u00edpico, no es de extra\u00f1ar que los accidentes y lesiones son frecuentes. Un abogado de lesiones personales en Boise de nuestra firma puede ayudarle a determinar lo que sucedi\u00f3 en el suyo, su usted era un trabajador o un transe\u00fante.<\/li>\n<li>Accidentes de bicicleta\u00a0y\u00a0<a href=\"https:\/\/craigswapp.com\/spanish\/abogado-accidente-peatonal-salt-lake-city\/\">accidentes peatonales<\/a>\u2013 Ser golpeado por un carro a pie o en bicicleta puede resultar en heridas horrendas.<\/li>\n<\/ul>\n<h2>Accidentes de veh\u00edclos de motor<\/h2>\n<p>Tan diversos como los casos de lesiones personales pueden ser, la causa n\u00famero uno es &#8211; por lejos &#8211; los accidentes de veh\u00edculos de motor. Los accidentes que afectan a los veh\u00edculos de pasajeros ocurren cada d\u00eda, y como la mayor\u00eda de\u00a0accidentes de carro\u00a0son causados por alg\u00fan tipo de negligencia, usted tiene todo el derecho de buscar una indemnizaci\u00f3n con la ayuda de un abogado de lesiones personales en Boise si no fuera culpable.<\/p>\n<p>Accidentes\u00a0<a href=\"https:\/\/craigswapp.com\/spanish\/abogado-de-accidentes-de-moto-en-boise\/\">motocicletas<\/a>\u00a0y\u00a0camiones comerciales\u00a0tales como 18-ruedas tambi\u00e9n son frecuentes, aunque no tan com\u00fan como accidentes de coche. Sin embargo, estos accidentes son en realidad m\u00e1s propensos a resultar en lesiones graves para las v\u00edctimas debido a las caracter\u00edsticas \u00fanicas de estos veh\u00edculos.<\/p>\n<p>Lesiones que ocurren\u00a0con\u00a0accidentes de transporte p\u00fablico, tales como los\u00a0taxis\u00a0y buses, tambi\u00e9n pasen. Determinar la falla en estos casos puede ser m\u00e1s complicado, sin embargo, ya que hay m\u00e1s entidades involucradas. Sea cual sea su accidente automovil\u00edstico, su abogado de lesiones personales de Boise no s\u00f3lo asegurar\u00e1 que identifica a todas las partes culpables, sino que tambi\u00e9n le brinda la mejor oportunidad de recibir un arreglo financiero completo.<\/p>\n<h2>Cualquier lesi\u00f3n podr\u00eda ser una lesi\u00f3n personal<\/h2>\n<p>Si su lesi\u00f3n fue la culpa de otra parte, podr\u00eda calificar como una lesi\u00f3n personal independientemente del tipo espec\u00edfico. Las lesiones del cerebro y la columna vertebral son f\u00e1cilmente algunas de las m\u00e1s graves, ya que pueden cambiar irrevocablemente su vida para mal.\u00a0Lesiones cerebrales\u00a0a menudo resultan en disminuci\u00f3n de las facultades mentales y emocionales, mientras las\u00a0lesiones de la columna vertebral\u00a0puede obstaculizar su movilidad y por lo tanto su libertad.<\/p>\n<p>Los huesos rotos pueden parecer comunes, pero pueden ponerlo fuera del trabajo mientras que usted cura y causa inmensas cantidades de dolor. Tambien las\u00a0lesiones de quemaduras, tambi\u00e9n podr\u00eda resultar en desfiguraci\u00f3n permanente.<\/p>\n<p>Muchas personas no se dan cuenta, pero trauma emocional y mental como el trastorno de estr\u00e9s postraum\u00e1tico y\u00a0<a href=\"https:\/\/www.nimh.nih.gov\/health\/topics\/anxiety-disorders\/index.shtml\" target=\"_blank\" rel=\"noopener\">ansiedad<\/a>\u00a0tambi\u00e9n puede ser motivo para una demanda de lesiones personales, siempre y cuando puedan estar definitivamente vinculados a su accidente. Su abogado de lesiones personales de Boise trabajar\u00e1 en estrecha colaboraci\u00f3n con su m\u00e9dico para asegurarse de que su caso presenta correctamente todas sus lesiones y c\u00f3mo han impactado su vida.<\/p>\n<h2>Recuperar sus da\u00f1os y gastos<\/h2>\n<p>Posiblemente la parte m\u00e1s dif\u00edcil de un caso de lesiones personales es evaluar con precisi\u00f3n su valor global en t\u00e9rminos monetarios. Los gastos directos son evidentes, pero las p\u00e9rdidas no econ\u00f3micas que son de naturaleza intangible pueden ser m\u00e1s dif\u00edciles de cuantificar.<\/p>\n<p>Un abogado de lesiones personales en Boise de nuestra firma sabr\u00e1 c\u00f3mo colocar con precisi\u00f3n un valor en su reclamo. Si lo hace, se asegurar\u00e1 de que su acuerdo cubra todas sus necesidades relacionadas con el accidente, tanto ahora como en el futuro.<\/p>\n<p>A continuaci\u00f3n se enumeran algunos de los gastos directos que puede incluir en su reclamaci\u00f3n por lesiones personales:<\/p>\n<ul>\n<li>Facturas m\u00e9dicas, actuales y futuras<\/li>\n<li>Ingresos y salarios perdidos debido al tiempo libre del trabajo necesario por su recuperaci\u00f3n<\/li>\n<li>Modificaciones a casa para adpatarse a su lesi\u00f3n<\/li>\n<li>Da\u00f1os a la propiedad, como reparar o reemplazar su veh\u00edculo<\/li>\n<li>Gastos de cuidador<\/li>\n<\/ul>\n<p>Las perdidas no economicas tambien deben incluirse en su arreglo:<\/p>\n<ul>\n<li>Dolor y sufrimiento<\/li>\n<li>Disminuci\u00f3n de la calidad de vida<\/li>\n<li>P\u00e9rdida de consorcio<\/li>\n<\/ul>\n<h2>La corte puede no ser necesaria<\/h2>\n<p><img loading=\"lazy\" decoding=\"async\" class=\"alignright wp-image-1787 \" src=\"https:\/\/craigswapp.com\/spanish\/wp-content\/uploads\/2015\/03\/images.jpg\" alt=\"Boise Personal Injury Lawyer 2\" width=\"236\" height=\"157\" \/><\/p>\n<p>Incluso cuando saben que est\u00e1n completamente justificados, muchas v\u00edctimas de lesiones est\u00e1n nerviosos acerca de presentar una demanda por lesiones personales porque quieren evitar ir a los tribunales si es posible. Afortunadamente, el hecho es que la mayor\u00eda de las reclamaciones se resuelven fuera de los tribunales a trav\u00e9s de negociaciones.<\/p>\n<p>Por supuesto, hay momentos en que el otro lado no te tomar\u00e1 en serio a menos que presentar una demanda y obtener una fecha de corte programado. Incluso entonces, todav\u00eda es posible establecerse antes de tiempo.<\/p>\n<p>Usted debe estar preparado para ir a la corte para un veredicto, sin embargo, ya que a veces es la \u00fanica manera de obtener el acuerdo que se merece. Usted puede descansar f\u00e1cil sabiendo que un abogado de lesiones personales en Boise de nuestra firma estar\u00e1 trabajando con usted cada paso del camino, as\u00ed que usted sabr\u00e1 qu\u00e9 hacer no importa qu\u00e9 sucede.<\/p>\n<h2>Lesiones personales en Boise &#8211; preguntas frecuentes<\/h2>\n<p>Usted est\u00e1 casi seguro de tener preguntas despu\u00e9s de ser herido en un accidente causado por otra persona. Aqu\u00ed hemos respondido a algunas de las preguntas que escuchamos regularmente. Para obtener m\u00e1s informaci\u00f3n, p\u00f3ngase en contacto con un abogado de lesiones personales en Boise de nuestra oficina.<\/p>\n<h3>\u00bfQui\u00e9n puede demandar por muerte injusta en Idaho?<\/h3>\n<p>El c\u00f3nyuge, padres, hijo o hijastro de una v\u00edctima fallecida puede intentar una\u00a0<a href=\"https:\/\/craigswapp.com\/spanish\/abogado-muerte-injusta\/\">demanda por muerte injusta<\/a>. Otros parientes de sangre tambi\u00e9n pueden presentar si eran al menos parcialmente financieramente dependientes de la v\u00edctima. Los herederos y el representante del patrimonio del fallecido tambi\u00e9n pueden buscar un caso de\u00a0<a href=\"https:\/\/legislature.idaho.gov\/statutesrules\/idstat\/title5\/\" target=\"_blank\" rel=\"noopener\">muerte injusta<\/a>\u00a0.<\/p>\n<h3>\u00bfCu\u00e1nto dura el estatuto de limitaci\u00f3n de Idaho para demandas por lesiones personales?<\/h3>\n<p>Idaho permite\u00a0<a href=\"https:\/\/legislature.idaho.gov\/statutesrules\/idstat\/title5\/\" target=\"_blank\" rel=\"noopener\">dos a\u00f1os<\/a>\u00a0en el que usted puede optar por presentar una demanda por lesiones personales. El plazo de dos a\u00f1os comienza en la fecha del accidente o en la fecha en que se diagnostic\u00f3 su lesi\u00f3n si hay una justificaci\u00f3n razonable para el retraso.<\/p>\n<h3>Si mi m\u00e9dico no me diagnostic\u00f3, \u00bfcuentan como negligencia m\u00e9dica?<\/h3>\n<p>S\u00ed. No diagnosticar una lesi\u00f3n o condici\u00f3n correctamente se considera negligencia m\u00e9dica. Debido a que el m\u00e9dico era incorrecto, su condici\u00f3n puede empeorar sin tratamiento, algo que podr\u00eda haber sido evitado si el m\u00e9dico no hab\u00eda proporcionado un diagn\u00f3stico negligente al comienzo.<\/p>\n<h2>Obtenga un abogado de lesiones personales en Boise<\/h2>\n<p>Usted no debe tener que pagar financieramente as\u00ed como f\u00edsicamente o emocionalmente cuando el descuido y la imprudencia de otra persona causaron su accidente. En Craig Swapp &amp; Asociados, luchamos por los lesionados\u00a0y trabajamos duro para obtener la compensaci\u00f3n financiera de nuestros clientes. Para programar una consulta gratuita con un abogado de lesiones personales en Boise, ll\u00e1menos al\u00a0<a href=\"tel:18004049000\">1-855-628-5050<\/a>\u00a0o llene el formulario de contacto en la parte inferior de esta p\u00e1gina.<\/p>\n<h2>Comentarios de clientes<\/h2>\n<div>\n<div>\n<p>Tuve el privilegio de tener mi reclamo de lesiones personales manejado por el Sr. Swainston y la Sra. Marshall, ambos de los cuales no podr\u00eda haber sido m\u00e1s \u00fatil para ayudarme a trav\u00e9s de la experiencia decididamente desagradable de ser golpeado por un coche. Si usted est\u00e1 leyendo esto mientras que considera contratar a un abogado para sus propias demandas, puedo decir sin la reservaci\u00f3n que usted necesita no buscar m\u00e1s lejos para encontrar la clase de gente que saldr\u00e1 de su manera de cuidar de usted y de sus mejores intereses. &#8211; &#8211; Avery U., Boise, ID<\/p>\n<\/div>\n<div>\n<p>A los 43 a\u00f1os, yo estaba en mi primer accidente de auto cuando fui golpeado por un conductor borracho. Nunca hab\u00eda consultado a un abogado para nada, as\u00ed que estaba totalmente fuera de mi zona de confort. \u00abUna Llamada Basta\u00bb fue un punto en el inicio del proceso, y Paul r\u00e1pidamente reconoci\u00f3 que yo era nuevo en este tipo de experiencia y regularmente me mantuvo en el bucle y me educ\u00f3 sobre el proceso. Estoy 100% convencido de que Pablo represent\u00f3 mis mejores intereses y negoci\u00f3 el mayor acuerdo posible (estaba por encima de mis expectativas). Si alguno de mi familia o amigos est\u00e1n en una situaci\u00f3n similar, definitivamente recomiendo que se pongan en contacto con Craig Swapp. &#8211; &#8211; Mike S., Boise, ID<\/p>\n<\/div>\n<\/div>\n","protected":false},"excerpt":{"rendered":"<p>Un accidente que conduce a una lesi\u00f3n puede ocurrir en cualquier momento y en cualquier lugar. Incluso la persona m\u00e1s cuidadosa y responsable corre el [&hellip;]<\/p>\n","protected":false},"author":2,"featured_media":0,"parent":0,"menu_order":0,"comment_status":"closed","ping_status":"closed","template":"","meta":{"_acf_changed":false,"inline_featured_image":false,"footnotes":""},"class_list":["post-3705","page","type-page","status-publish","hentry"],"acf":[],"_links":{"self":[{"href":"https:\/\/craigswapp.com\/spanish\/wp-json\/wp\/v2\/pages\/3705","targetHints":{"allow":["GET"]}}],"collection":[{"href":"https:\/\/craigswapp.com\/spanish\/wp-json\/wp\/v2\/pages"}],"about":[{"href":"https:\/\/craigswapp.com\/spanish\/wp-json\/wp\/v2\/types\/page"}],"author":[{"embeddable":true,"href":"https:\/\/craigswapp.com\/spanish\/wp-json\/wp\/v2\/users\/2"}],"replies":[{"embeddable":true,"href":"https:\/\/craigswapp.com\/spanish\/wp-json\/wp\/v2\/comments?post=3705"}],"version-history":[{"count":1,"href":"https:\/\/craigswapp.com\/spanish\/wp-json\/wp\/v2\/pages\/3705\/revisions"}],"predecessor-version":[{"id":10904,"href":"https:\/\/craigswapp.com\/spanish\/wp-json\/wp\/v2\/pages\/3705\/revisions\/10904"}],"wp:attachment":[{"href":"https:\/\/craigswapp.com\/spanish\/wp-json\/wp\/v2\/media?parent=3705"}],"curies":[{"name":"wp","href":"https:\/\/api.w.org\/{rel}","templated":true}]}}