{"id":3703,"date":"2016-03-31T01:17:01","date_gmt":"2016-03-31T01:17:01","guid":{"rendered":"http:\/\/craigswapp1.wpengine.com\/?page_id=3703"},"modified":"2021-05-10T13:27:39","modified_gmt":"2021-05-10T13:27:39","slug":"abogado-lesiones-personales-caldwell","status":"publish","type":"page","link":"https:\/\/craigswapp.com\/spanish\/abogado-lesiones-personales-caldwell\/","title":{"rendered":"Abogado de lesiones personales en Caldwell"},"content":{"rendered":"<br \/>\n<hr \/>\n<div class=\"row google-map\"><iframe loading=\"lazy\" src=\"https:\/\/www.google.com\/maps\/embed?pb=!1m18!1m12!1m3!1d92397.4820729984!2d-116.6531975!3d43.639402!2m3!1f0!2f0!3f0!3m2!1i1024!2i768!4f13.1!3m3!1m2!1s0x54afb2bb781a17cb%3A0x6edc428b43754d9c!2sCaldwell%2C+ID!5e0!3m2!1sen!2sus!4v1435677512491\" width=\"600\" height=\"450\" frameborder=\"0\" allowfullscreen=\"allowfullscreen\"><\/iframe><\/div>\n<h2>\u00bfLesionado en Caldwell? Obtenga un abogado<\/h2>\n<p><img loading=\"lazy\" decoding=\"async\" width=\"300\" height=\"200\" class=\"alignleft size-full wp-image-1050\" src=\"https:\/\/craigswapp.com\/spanish\/wp-content\/uploads\/2014\/09\/We-The-People-3001.jpg\" alt=\"Caldwell Personal Injury Lawyer\" \/><\/p>\n<p>Despu\u00e9s de ser v\u00edctima de un accidente de lesi\u00f3n personal, lo primero que debe hacer es obtener atenci\u00f3n m\u00e9dica. La segunda cosa que debe hacer es llamar a un abogado de lesiones personales en Caldwell. \u00bfPor qu\u00e9? Porque esos primeros momentos despu\u00e9s del accidente son cruciales. Tu memoria sigue siendo fresca, y puedes recordar los detalles sobre el incidente. Llame a Craig Swapp &amp; Associates y pida hablar con un abogado de lesiones personales en Caldwell. Nuestro equipo est\u00e1 listo para escuchar de usted ahora.<\/p>\n<p>Al elegir tratar con un abogado, usted elige proteger sus derechos. Es realmente su mejor opci\u00f3n. Sin embargo, para que un abogado haga su trabajo, debe ser completamente honesto en su cuenta del incidente. Usted no necesita retener nada de su abogado &#8211; usted est\u00e1 protegido por estrictos privilegios de cliente. Usted encontrar\u00e1 que el abogado de lesiones personales en Caldwell de nuestra firma son confiables, experimentados y profesionales. Valoramos su tiempo y tenemos su mejor inter\u00e9s en el coraz\u00f3n.<\/p>\n<p>Con una amplia experiencia en la corte, una actitud sin miedo y una disposici\u00f3n amistosa, su abogado de lesiones personales le har\u00e1 sentirse a gusto y asegurarse de que sus derechos sean respetados y afirmados. Si usted es herido en Caldwell, consiga la ayuda legal que su caso merece. Llame a Craig Swapp &amp; Associates hoy mismo al 855-628-5050.<\/p>\n<table class=\"table table-bordered\">\n<tbody>\n<tr>\n<td><\/td>\n<td>GOOGLE<\/td>\n<td><a href=\"https:\/\/plus.google.com\/+CraigswappWashingtonAttorney\/about\" target=\"_blank\" rel=\"noopener noreferrer\">Revisar las clasificaciones<\/a><\/td>\n<\/tr>\n<tr>\n<td><\/td>\n<td>YELLOW PAGES<\/td>\n<td><a href=\"http:\/\/www.yellowpages.com\/search?search_terms=craig-swapp-associates&amp;geo_location_terms=sandy-ut\" target=\"_blank\" rel=\"noopener noreferrer\">Revisar las clasificaciones<\/a><\/td>\n<\/tr>\n<tr>\n<td><\/td>\n<td>CITY SEARCH<\/td>\n<td><a href=\"https:\/\/utah.citysearch.com\/profile\/604424392\/sandy_ut\/craig_swapp_associates.html\" target=\"_blank\" rel=\"noopener noreferrer\">Revisar las clasificaciones<\/a><\/td>\n<\/tr>\n<tr>\n<td><\/td>\n<td>INSIDER PAGES<\/td>\n<td><i class=\"fa fa-map-marker\"><\/i>Revisar las clasificaciones<\/td>\n<\/tr>\n<tr>\n<td><\/td>\n<td>Avvo<\/td>\n<td>Revisar las clasificaciones<\/td>\n<\/tr>\n<\/tbody>\n<\/table>\n<h3><i class=\"fa fa-comments fa-4x\"><\/i>Escuche lo que dicen nuestros clientes:<\/h3>\n<p>Los abogados todos han sido muy \u00fatil.Una vez un mes que llamar para hacerme saber cualquier nueva informaci\u00f3n, sent\u00ed que est\u00e1n trabajando para m\u00ed. Le dir\u00e9 a la gente acerca de Craig Swapp. Gracias.<br \/>\n<i class=\"fa fa-quote-left\"><\/i><\/p>\n<p><strong>Craig Swapp<\/strong><br \/>\nCraig Swapp and Associates<br \/>\nAbogado de Lesiones Personales<br \/>\nCaldwell, Idaho<br \/>\n83605<br \/>\nUnited States<br \/>\n<i class=\"fa fa-envelope-o\"><\/i> <a href=\"mailto:info@craigswapp.com\" rel=\"nofollow\">info@craigswapp.com<\/a><br \/>\n<i class=\"fa fa-phone\"><\/i> <a href=\"tel:8004049000\" rel=\"nofollow\">1-855-628-5050<\/a><\/p>\n","protected":false},"excerpt":{"rendered":"<p>\u00bfLesionado en Caldwell? Obtenga un abogado Despu\u00e9s de ser v\u00edctima de un accidente de lesi\u00f3n personal, lo primero que debe hacer es obtener atenci\u00f3n m\u00e9dica. [&hellip;]<\/p>\n","protected":false},"author":2,"featured_media":0,"parent":0,"menu_order":0,"comment_status":"closed","ping_status":"closed","template":"","meta":{"_acf_changed":false,"inline_featured_image":false,"footnotes":""},"class_list":["post-3703","page","type-page","status-publish","hentry"],"acf":[],"_links":{"self":[{"href":"https:\/\/craigswapp.com\/spanish\/wp-json\/wp\/v2\/pages\/3703","targetHints":{"allow":["GET"]}}],"collection":[{"href":"https:\/\/craigswapp.com\/spanish\/wp-json\/wp\/v2\/pages"}],"about":[{"href":"https:\/\/craigswapp.com\/spanish\/wp-json\/wp\/v2\/types\/page"}],"author":[{"embeddable":true,"href":"https:\/\/craigswapp.com\/spanish\/wp-json\/wp\/v2\/users\/2"}],"replies":[{"embeddable":true,"href":"https:\/\/craigswapp.com\/spanish\/wp-json\/wp\/v2\/comments?post=3703"}],"version-history":[{"count":1,"href":"https:\/\/craigswapp.com\/spanish\/wp-json\/wp\/v2\/pages\/3703\/revisions"}],"predecessor-version":[{"id":10982,"href":"https:\/\/craigswapp.com\/spanish\/wp-json\/wp\/v2\/pages\/3703\/revisions\/10982"}],"wp:attachment":[{"href":"https:\/\/craigswapp.com\/spanish\/wp-json\/wp\/v2\/media?parent=3703"}],"curies":[{"name":"wp","href":"https:\/\/api.w.org\/{rel}","templated":true}]}}