{"id":3693,"date":"2016-03-31T00:36:05","date_gmt":"2016-03-31T00:36:05","guid":{"rendered":"http:\/\/craigswapp1.wpengine.com\/?page_id=3693"},"modified":"2021-05-12T14:30:42","modified_gmt":"2021-05-12T14:30:42","slug":"st-george","status":"publish","type":"page","link":"https:\/\/craigswapp.com\/spanish\/st-george\/","title":{"rendered":"Abogado de Lesiones Personales en St. George"},"content":{"rendered":"<br \/>\n<hr \/>\n<div class=\"row google-map\"><iframe loading=\"lazy\" src=\"https:\/\/www.google.com\/maps\/embed?pb=!1m18!1m12!1m3!1d101824.38130053833!2d-113.56349755000001!3d37.104833850000006!2m3!1f0!2f0!3f0!3m2!1i1024!2i768!4f13.1!3m3!1m2!1s0x80ca44d0984939e5%3A0x531707f2f8a11c1e!2sSt+George%2C+UT!5e0!3m2!1sen!2sus!4v1435680719705\" width=\"600\" height=\"450\" frameborder=\"0\" allowfullscreen=\"allowfullscreen\"><\/iframe><\/div>\n<h2>Su Abogado de Lesiones Personales en St. George est\u00e1 Listo para Ayudarle<\/h2>\n<p><img decoding=\"async\" class=\"alignright size-medium wp-image-1047\" src=\"https:\/\/craigswapp.com\/spanish\/wp-content\/uploads\/2014\/09\/We-The-People-3001.jpg\" sizes=\"(max-width: 300px) 100vw, 300px\" srcset=\"https:\/\/craigswapp.com\/spanish\/wp-content\/uploads\/2014\/09\/constitution-300x194.jpg 300w, https:\/\/craigswapp.com\/spanish\/wp-content\/uploads\/2014\/09\/constitution.jpg 850w\" alt=\"St. George Personal Injury Lawyer\" \/><\/p>\n<p>Cuando usted ha sufrido una lesi\u00f3n debido a la negligencia de otra parte, es extremadamente importante que usted tenga un abogado de lesiones personales en St. George trabajando en su nombre antes que tarde. Estos tipos de casos complejos implican m\u00e1s que ser heridos, y en Craig Swapp &amp; Associates, usted tiene un equipo dedicado de expertos que trabajan para usted en todas las fases del caso. No tiene nada que perder aprovechando una consulta inicial gratuita para reunirse con los abogados en esta oficina y dejar que le ense\u00f1en c\u00f3mo pueden ayudarle a ganar su arreglo.<\/p>\n<p>En Craig Swapp &amp; Associates, usted tiene un experimentado abogado de lesiones personales en su esquina que no ceder\u00e1 a las t\u00e1cticas de bal\u00f3n bajo por las compa\u00f1\u00edas de seguros para conformarse con mucho menos de lo merecido. Su abogado de lesiones personales en St. George se asegurar\u00e1 de que solo vea a los mejores m\u00e9dicos en esta regi\u00f3n, muchos de los cuales son altamente respetados en la sala de audiencias. Nuestro equipo de investigadores de accidentes revisitar\u00e1 la escena del accidente y reunir\u00e1 videos, fotograf\u00edas y testimonios de testigos.<\/p>\n<p>Construiremos un caso s\u00f3lido para usted basado en una base s\u00f3lida de evidencia. Nuestro amable personal est\u00e1 a una llamada de tel\u00e9fono en 855-628-5050 para responder a cualquier pregunta o preocupaci\u00f3n que pueda tener.<\/p>\n<h2>Un Abogado Est\u00e1 Listo para Escuchar de Usted<\/h2>\n<p>Situado en la regi\u00f3n suroeste del estado, St. George es el hogar de casi 76.000 residentes. Lesiones personales es una ocurrencia com\u00fan en \u00e1reas densamente pobladas como esta. Si se ha lastimado, p\u00f3ngase en contacto con la oficina de Craig Swapp &amp; Associates llamando al 855-628-5050.<\/p>\n<p>We now have representatives available at every hour! If your pain is keeping you awake, or if you have to work late, or if you\u2019re just a night owl \u2013 the friendly staff at from our firm are ready to discuss what happened to you the moment you are ready. Consultations are always free, and our investigators can meet you anywhere in St. George that you decide on (even in the hospital or at your own home). Contact your new personal injury attorney now.<\/p>\n<table class=\"table table-bordered\">\n<tbody>\n<tr>\n<td><\/td>\n<td>GOOGLE<\/td>\n<td><a href=\"https:\/\/plus.google.com\/+CraigswappWashingtonAttorney\/about\" target=\"_blank\" rel=\"noopener noreferrer\">Revisar las Clasificaciones<\/a><\/td>\n<\/tr>\n<tr>\n<td><\/td>\n<td>YELLOW PAGES<\/td>\n<td><a href=\"http:\/\/www.yellowpages.com\/search?search_terms=craig-swapp-associates&amp;geo_location_terms=sandy-ut\" target=\"_blank\" rel=\"noopener noreferrer\">Revisar las Clasificaciones<\/a><\/td>\n<\/tr>\n<tr>\n<td><\/td>\n<td>CITY SEARCH<\/td>\n<td><a href=\"https:\/\/utah.citysearch.com\/profile\/604424392\/sandy_ut\/craig_swapp_associates.html\" target=\"_blank\" rel=\"noopener noreferrer\">Revisar las Clasificaciones<\/a><\/td>\n<\/tr>\n<tr>\n<td><\/td>\n<td>INSIDER PAGES<\/td>\n<td><i class=\"fa fa-map-marker\"><\/i>Revisar las Clasificaciones<\/td>\n<\/tr>\n<tr>\n<td><\/td>\n<td>Avvo<\/td>\n<td>Revisar las Clasificaciones<\/td>\n<\/tr>\n<\/tbody>\n<\/table>\n<h3><i class=\"fa fa-comments fa-4x\"><\/i>Escuche lo que dicen nuestros clientes:<\/h3>\n<p>Los abogados todos han sido muy \u00fatil.Una vez un mes que llamar para hacerme saber cualquier nueva informaci\u00f3n, sent\u00ed que est\u00e1n trabajando para m\u00ed. Le dir\u00e9 a la gente acerca de Craig Swapp. Gracias.<\/p>\n<p><strong>Craig Swapp<\/strong><br \/>\n<i class=\"fa fa-quote-left\"><\/i><\/p>\n<p>Craig Swapp and Associates<br \/>\nAbogado de Lesiones Personales<br \/>\nSt. George, Utah<br \/>\n84770<br \/>\nUnited States<br \/>\n<i class=\"fa fa-envelope-o\"><\/i> <a href=\"mailto:info@craigswapp.com\" rel=\"nofollow\">info@craigswapp.com<\/a><br \/>\n<i class=\"fa fa-phone\"><\/i> <a href=\"tel:8004049000\" rel=\"nofollow\">1-855-628-5050<\/a><\/p>\n","protected":false},"excerpt":{"rendered":"<p>Su Abogado de Lesiones Personales en St. George est\u00e1 Listo para Ayudarle Cuando usted ha sufrido una lesi\u00f3n debido a la negligencia de otra parte, [&hellip;]<\/p>\n","protected":false},"author":2,"featured_media":0,"parent":0,"menu_order":0,"comment_status":"closed","ping_status":"closed","template":"","meta":{"_acf_changed":false,"inline_featured_image":false,"footnotes":""},"class_list":["post-3693","page","type-page","status-publish","hentry"],"acf":[],"_links":{"self":[{"href":"https:\/\/craigswapp.com\/spanish\/wp-json\/wp\/v2\/pages\/3693","targetHints":{"allow":["GET"]}}],"collection":[{"href":"https:\/\/craigswapp.com\/spanish\/wp-json\/wp\/v2\/pages"}],"about":[{"href":"https:\/\/craigswapp.com\/spanish\/wp-json\/wp\/v2\/types\/page"}],"author":[{"embeddable":true,"href":"https:\/\/craigswapp.com\/spanish\/wp-json\/wp\/v2\/users\/2"}],"replies":[{"embeddable":true,"href":"https:\/\/craigswapp.com\/spanish\/wp-json\/wp\/v2\/comments?post=3693"}],"version-history":[{"count":3,"href":"https:\/\/craigswapp.com\/spanish\/wp-json\/wp\/v2\/pages\/3693\/revisions"}],"predecessor-version":[{"id":11445,"href":"https:\/\/craigswapp.com\/spanish\/wp-json\/wp\/v2\/pages\/3693\/revisions\/11445"}],"wp:attachment":[{"href":"https:\/\/craigswapp.com\/spanish\/wp-json\/wp\/v2\/media?parent=3693"}],"curies":[{"name":"wp","href":"https:\/\/api.w.org\/{rel}","templated":true}]}}