{"id":3683,"date":"2016-03-31T00:10:58","date_gmt":"2016-03-31T00:10:58","guid":{"rendered":"http:\/\/craigswapp1.wpengine.com\/?page_id=3683"},"modified":"2021-05-10T14:02:26","modified_gmt":"2021-05-10T14:02:26","slug":"provo","status":"publish","type":"page","link":"https:\/\/craigswapp.com\/spanish\/provo\/","title":{"rendered":"Abogado de Lesiones Personales en Provo"},"content":{"rendered":"<br \/>\n<hr \/>\n<p>Despu\u00e9s de haberse lesionado, hay algo que usted debe saber: las compa\u00f1\u00edas de seguros NO van a pagar de buena gana lo que es merecidamente merecido. Har\u00e1n todo lo posible para escapar con la mayor parte de su dinero. Bajar\u00e1n la pelota de su asentamiento, o en algunos casos lo niegan por completo. Incluso pueden voltear las mesas y se\u00f1alar un dedo a usted para sus propias lesiones. Sus mejores posibilidades de ser compensado lo que realmente se debe viene con la contrataci\u00f3n de un abogado de lesiones personales. Los abogados de nuestra firma tienen a\u00f1os de pr\u00e1ctica detr\u00e1s de ellos, y nunca se sienten intimidados por las t\u00e1cticas cansadas de cualquier compa\u00f1\u00eda de seguros. Conocemos sus trucos y no retrocederemos.<\/p>\n<p>Por supuesto, no todos los casos de lesiones personales implicar\u00e1 negociaciones directas con una compa\u00f1\u00eda de seguros. En su lugar, puede encontrarse con el equipo legal de una corporaci\u00f3n o agencia gubernamental. La persona o entidad responsable de su lesi\u00f3n puede no tener seguro en absoluto.<\/p>\n<p>Independientemente de las circunstancias de su caso de lesiones, es importante que reciba una compensaci\u00f3n por lo que ha sufrido, y nuestros abogados de lesiones personales le ayudar\u00e1n a hacer precisamente eso.<\/p>\n<h2>Tipos y Causas de Lesiones Personales<\/h2>\n<p>La causa m\u00e1s com\u00fan de lesiones personales\u00a0son\u00a0accidentes de carro. En Utah, hay mas que\u00a0<a href=\"http:\/\/www.cdc.gov\/motorvehiclesafety\/states\/index.html\" target=\"_blank\" rel=\"noopener noreferrer\">50,000 accidentes <\/a>cada a\u00f1o, muchos de los cuales dejan conductores y pasajeros heridos en diversos grados. Desde accidentes automovil\u00edsticos hasta heridas de productos defectuosos, resbalones y ca\u00eddas a accidentes de construcci\u00f3n, lesiones personales corren toda la gama.<\/p>\n<p>Adem\u00e1s de las lesiones antes mencionadas, un abogado de lesiones personales en Provo puede ayudarle a luchar por una compensaci\u00f3n despu\u00e9s de cualquiera de los siguientes:<\/p>\n<ul>\n<li style=\"font-weight: 400;\">Accidentes de bicicleta<\/li>\n<li style=\"font-weight: 400;\">Accidentes de cami\u00f3n grande<\/li>\n<li style=\"font-weight: 400;\">Lesiones de mordida de perro<\/li>\n<li style=\"font-weight: 400;\">Muerte injusta<\/li>\n<li style=\"font-weight: 400;\">Lesiones de transporte p\u00fablico<\/li>\n<li style=\"font-weight: 400;\">Lesiones de drogas\u00a0recetadas<\/li>\n<li style=\"font-weight: 400;\">Accidentes de motocicleta<\/li>\n<li style=\"font-weight: 400;\">Accidentes de aviaci\u00f3n<\/li>\n<li style=\"font-weight: 400;\">Negligencia m\u00e9dica<\/li>\n<li style=\"font-weight: 400;\">Y mas<\/li>\n<\/ul>\n<p>Las lesiones que resultan de estos accidentes pueden incluir huesos rotos, lesiones en la espalda, trastorno de estr\u00e9s postraum\u00e1tico (TEP) y muchos otros. F\u00edsicamente, usted puede ser capaz de recuperarse de estas lesiones, pero la recuperaci\u00f3n financiera puede requerir la asistencia de un abogado con experiencia de Craig Swapp &amp; Associates.<\/p>\n<h2>\u00bfTengo un Caso?<\/h2>\n<p>Usted podr\u00eda pensar que la determinaci\u00f3n de si ten\u00eda motivos para una demanda de lesiones personales ser\u00eda un asunto bastante sencillo. Sin embargo, en realidad puede ser bastante dif\u00edcil determinar qui\u00e9n ten\u00eda la culpa en algunas situaciones.<\/p>\n<p>Por ejemplo, diga que su parrilla de gas funcion\u00f3 mal y le dej\u00f3 con\u00a0<a href=\"https:\/\/medlineplus.gov\/burns.html\" target=\"_blank\" rel=\"noopener noreferrer\">quemaduras graves<\/a>. \u00bfFue culpable por no utilizar y mantener la parrilla correctamente, o fue el fabricante la culpa de un producto defectuoso? Incluso puede ser que el minorista da\u00f1ado la parrilla y se lo vendi\u00f3 a usted de todos modos. La determinaci\u00f3n de falla se convierte en un proceso mucho m\u00e1s f\u00e1cil cuando un abogado de lesiones personales de Provo puede revisar los detalles de su caso y determinar con precisi\u00f3n d\u00f3nde reside la falla.<\/p>\n<p>Tambi\u00e9n tendr\u00e1 que demostrar el alcance de sus lesiones. Hacerlo generalmente requerir\u00e1 un examen completo de un profesional m\u00e9dico. Su m\u00e9dico documentar\u00e1 sus lesiones en detalle, adem\u00e1s de prescribirle tratamiento y recomendar opciones de recuperaci\u00f3n.<\/p>\n<p>Este tratamiento no ser\u00e1 barato, sin embargo. Tendr\u00e1 que mantener un registro de sus gastos m\u00e9dicos y proporcionarlos a su abogado, que se asegurar\u00e1 de que se tengan en cuenta en su cantidad final de arreglo.<\/p>\n<h2>\u00bfTendr\u00e9 que Ir a la Corte?<\/h2>\n<p>Muchos casos de lesiones personales se resuelven con \u00e9xito fuera de la corte sin tener que presentar una demanda alguna. Incluso sin una demanda, todav\u00eda est\u00e1 en su mejor inter\u00e9s para trabajar con un abogado de lesiones personales en Provo. Trabajar con uno de nuestros abogados se asegurar\u00e1 de que cualquier acuerdo que reciba tendr\u00e1 en cuenta todos los gastos relacionados con lesiones que pueda enfrentar, tanto actuales como futuros.<\/p>\n<p>Sin embargo, a veces es necesario mostrar al otro lado lo grave que eres mediante la presentaci\u00f3n de una demanda con el fin de convencer a negociar de buena fe. Su caso todav\u00eda puede resolverse fuera de la corte en este momento, ya que muchas aseguradoras y compa\u00f1\u00edas se vuelven deseosas de resolver una vez que se fija la fecha de la corte. A veces evitar el tribunal significa demostrar que est\u00e1 dispuesto a ir a los tribunales.<\/p>\n<h2>\u00bfLesionado? Consulte con un Abogado Ahora<\/h2>\n<p>Un abogado de lesiones personales en Provo de la oficina de\u00a0<a href=\"https:\/\/craigswapp.com\/spanish\/\">Craig Swapp &amp; Associates<\/a>\u00a0puede ser capaz de ayudarle a obtener una compensaci\u00f3n financiera despu\u00e9s de ser gravemente herido. No importa c\u00f3mo su lesi\u00f3n personal ocurri\u00f3, nuestros abogados pueden llegar al fondo de qui\u00e9n es responsable y lo que se merece de \u00e9l. Recuerde, todas las consultas con nuestros abogados en Provo son GRATIS. Adem\u00e1s, no nos pagan hasta que su caso est\u00e1 cerrado y su acuerdo es GANADO. Los representantes est\u00e1n a su lado en todo momento para hablar con usted, ya sea por tel\u00e9fono, correo electr\u00f3nico o chat. No retrasar su viaje a la compensaci\u00f3n &#8211; llame a un abogado en este momento en 855-628-5050 y obtener su reclamaci\u00f3n comenz\u00f3.<\/p>\n<table class=\"table table-bordered\">\n<tbody>\n<tr>\n<td><\/td>\n<td>GOOGLE<\/td>\n<td><a href=\"https:\/\/plus.google.com\/+CraigswappWashingtonAttorney\/about\" target=\"_blank\" rel=\"noopener noreferrer\">Revisar las Clasificaciones<\/a><\/td>\n<\/tr>\n<tr>\n<td><\/td>\n<td>YELLOW PAGES<\/td>\n<td><a href=\"http:\/\/www.yellowpages.com\/search?search_terms=craig-swapp-associates&amp;geo_location_terms=sandy-ut\" target=\"_blank\" rel=\"noopener noreferrer\">Revisar las Clasificaciones<\/a><\/td>\n<\/tr>\n<tr>\n<td><\/td>\n<td>CITY SEARCH<\/td>\n<td><a href=\"https:\/\/utah.citysearch.com\/profile\/604424392\/sandy_ut\/craig_swapp_associates.html\" target=\"_blank\" rel=\"noopener noreferrer\">Revisar las Clasificaciones<\/a><\/td>\n<\/tr>\n<tr>\n<td><\/td>\n<td>INSIDER PAGES<\/td>\n<td><i class=\"fa fa-map-marker\"><\/i>Revisar las Clasificaciones<\/td>\n<\/tr>\n<tr>\n<td><\/td>\n<td>Avvo<\/td>\n<td>Revisar las Clasificaciones<\/td>\n<\/tr>\n<\/tbody>\n<\/table>\n<h3><i class=\"fa fa-comments fa-4x\"><\/i>Escuche lo que dicen nuestros clientes:<\/h3>\n<p>Los abogados todos han sido muy \u00fatil.Una vez un mes que llamar para hacerme saber cualquier nueva informaci\u00f3n, sent\u00ed que est\u00e1n trabajando para m\u00ed. Le dir\u00e9 a la gente acerca de Craig Swapp. Gracias.<\/p>\n<p>Craig Swapp<br \/>\nCraig Swapp and Associates<br \/>\nAbogado de Lesiones Personales<br \/>\nProvo, Utah<br \/>\n84601<br \/>\nUnited States<br \/>\n<i class=\"fa fa-envelope-o\"><\/i> <a href=\"mailto:info@craigswapp.com\" rel=\"nofollow\">info@craigswapp.com<\/a><br \/>\n<i class=\"fa fa-phone\"><\/i> <a href=\"tel:18004049000\" rel=\"nofollow\">1-855-628-5050<\/a><\/p>\n","protected":false},"excerpt":{"rendered":"<p>Despu\u00e9s de haberse lesionado, hay algo que usted debe saber: las compa\u00f1\u00edas de seguros NO van a pagar de buena gana lo que es merecidamente [&hellip;]<\/p>\n","protected":false},"author":2,"featured_media":0,"parent":0,"menu_order":0,"comment_status":"closed","ping_status":"closed","template":"","meta":{"_acf_changed":false,"inline_featured_image":false,"footnotes":""},"class_list":["post-3683","page","type-page","status-publish","hentry"],"acf":[],"_links":{"self":[{"href":"https:\/\/craigswapp.com\/spanish\/wp-json\/wp\/v2\/pages\/3683","targetHints":{"allow":["GET"]}}],"collection":[{"href":"https:\/\/craigswapp.com\/spanish\/wp-json\/wp\/v2\/pages"}],"about":[{"href":"https:\/\/craigswapp.com\/spanish\/wp-json\/wp\/v2\/types\/page"}],"author":[{"embeddable":true,"href":"https:\/\/craigswapp.com\/spanish\/wp-json\/wp\/v2\/users\/2"}],"replies":[{"embeddable":true,"href":"https:\/\/craigswapp.com\/spanish\/wp-json\/wp\/v2\/comments?post=3683"}],"version-history":[{"count":1,"href":"https:\/\/craigswapp.com\/spanish\/wp-json\/wp\/v2\/pages\/3683\/revisions"}],"predecessor-version":[{"id":11078,"href":"https:\/\/craigswapp.com\/spanish\/wp-json\/wp\/v2\/pages\/3683\/revisions\/11078"}],"wp:attachment":[{"href":"https:\/\/craigswapp.com\/spanish\/wp-json\/wp\/v2\/media?parent=3683"}],"curies":[{"name":"wp","href":"https:\/\/api.w.org\/{rel}","templated":true}]}}