{"id":3675,"date":"2016-03-30T19:48:41","date_gmt":"2016-03-30T19:48:41","guid":{"rendered":"http:\/\/craigswapp1.wpengine.com\/?page_id=3675"},"modified":"2021-05-10T13:51:47","modified_gmt":"2021-05-10T13:51:47","slug":"millcreek","status":"publish","type":"page","link":"https:\/\/craigswapp.com\/spanish\/millcreek\/","title":{"rendered":"Abogado de Lesiones Personales en Millcreek"},"content":{"rendered":"<br \/>\n<hr \/>\n<div class=\"row google-map\"><iframe loading=\"lazy\" src=\"https:\/\/www.google.com\/maps\/embed?pb=!1m18!1m12!1m3!1d24202.705307826363!2d-111.87991804999999!3d40.68854944999999!2m3!1f0!2f0!3f0!3m2!1i1024!2i768!4f13.1!3m3!1m2!1s0x87528a67edf03a91%3A0xb77e81b81e96c610!2sMillcreek%2C+UT!5e0!3m2!1sen!2sus!4v1433881628515\" width=\"600\" height=\"450\" frameborder=\"0\"><\/iframe><\/div>\n<h2>Contratar un Abogado de Lesiones Personales en Millcreek<\/h2>\n<p>Millcreek, una ciudad integral y creciente en el \u00e1rea metropolitana de Salt Lake City, experimenta su parte de accidentes. Los accidentes de lesiones personales ocurren en cada ciudad y Millcreek no es una excepci\u00f3n.<\/p>\n<p>En Craig Swapp and Associates, somos abogados de lesiones personales de Millcreek, y luchamos para ayudarle a obtener una compensaci\u00f3n justa cuando usted ha sido injustamente herido. \u00bfCrees que otra parte fue culpable por tu accidente? Si es as\u00ed, usted puede tener derecho a una compensaci\u00f3n por sus da\u00f1os bajo la ley. Como abogados de lesiones personales, luchamos para obtener los da\u00f1os que usted se merece por el dolor y el sufrimiento que est\u00e1 experimentando.<\/p>\n<h2>\u00bfHa sido\u00a0una\u00a0V\u00edctima de Lesiones Personales?<\/h2>\n<p>Si usted es v\u00edctima de una lesi\u00f3n personal, puede estar sufriendo de algunos de lo siguiente:<\/p>\n<p><img loading=\"lazy\" decoding=\"async\" class=\"alignleft size-thumbnail wp-image-1874\" src=\"https:\/\/craigswapp.com\/spanish\/wp-content\/uploads\/2015\/08\/iStock_000030778264_Medium-e1468560012736.jpg\" alt=\"millcreek-personal-injury-lawyer\" width=\"150\" height=\"150\" \/><br \/>\n\u2013 Tiempo perdido\u00a0en el trabajo\u00a0o incapacidad total para trabajar<br \/>\n\u2013 Lesiones\u00a0que pueden tardar\u00a0semanas, meses o a\u00f1os en recuperarse<br \/>\n\u2013 Problemas mentales, incluyendo estr\u00e9s y depresi\u00f3n<br \/>\n\u2013 Luchando para apoyar financieramente a usted y su familia<br \/>\n\u2013 Las facturas m\u00e9dicas que nunca crey\u00f3 podrian ser tan altas<\/p>\n<p>&nbsp;<\/p>\n<h2>Llame los Abogados en Millcreek que\u00a0Estar\u00e1n a Su Lado<\/h2>\n<p>En nuestra empresa, vemos todo tipo de casos de lesiones personales, con grados variables de gravedad. Sin embargo, todos ellos tienen un impacto negativo significativo en la vida real. Los trabajos perdidos, el sufrimiento f\u00edsico, y el estr\u00e9s en las familias &#8211; estas son personas reales como usted que pasa por la agitaci\u00f3n. Estamos orgullosos de hacer nuestra parte en ayudarles desde un punto de vista legal en el trato con sus asuntos. El dinero no puede quitar el dolor y el sufrimiento, pero puede poner su mente para descansar mientras se recupera de su accidente.<\/p>\n<p>Cualquiera que sea el tipo de lesi\u00f3n personal de Millcreek en la que haya estado involucrado, debe darle a nuestra oficina una llamada para una evaluaci\u00f3n gratuita del caso. Revisaremos detalladamente los detalles de su caso y le ayudaremos a determinar si tiene una posible reclamaci\u00f3n.<\/p>\n<p>El personal de nuestros abogados de lesiones personales est\u00e1 disponible para consulta gratuita las 24 horas del d\u00eda. Si usted ha sido lastimado, llame a nuestro abogado de lesiones personales en Millcreek localmente al 801-990-1919.<\/p>\n<table class=\"table table-bordered\">\n<tbody>\n<tr>\n<td><\/td>\n<td>GOOGLE<\/td>\n<td><a href=\"https:\/\/plus.google.com\/+CraigswappWashingtonAttorney\/about\" target=\"_blank\" rel=\"noopener noreferrer\">Revisar las Clasificaciones<\/a><\/td>\n<\/tr>\n<tr>\n<td><\/td>\n<td>YELLOW PAGES<\/td>\n<td><a href=\"http:\/\/www.yellowpages.com\/search?search_terms=craig-swapp-associates&amp;geo_location_terms=sandy-ut\" target=\"_blank\" rel=\"noopener noreferrer\">Revisar las Clasifcaciones<\/a><\/td>\n<\/tr>\n<tr>\n<td><\/td>\n<td>CITY SEARCH<\/td>\n<td><a href=\"https:\/\/utah.citysearch.com\/profile\/604424392\/sandy_ut\/craig_swapp_associates.html\" target=\"_blank\" rel=\"noopener noreferrer\">Revisar las Clasificaciones<\/a><\/td>\n<\/tr>\n<tr>\n<td><\/td>\n<td>INSIDER PAGES<\/td>\n<td><i class=\"fa fa-map-marker\"><\/i>Revisar las Clasificaciones<\/td>\n<\/tr>\n<tr>\n<td><\/td>\n<td>AVVO<\/td>\n<td>Revisar las Clasificaciones<\/td>\n<\/tr>\n<\/tbody>\n<\/table>\n<h3><i class=\"fa fa-comments fa-4x\"><\/i>Escuche lo que dicen\u00a0nuestros clientes:<\/h3>\n<p>Los abogados todos han sido muy \u00fatil.Una vez un mes que llamar para hacerme saber cualquier nueva informaci\u00f3n, sent\u00ed que est\u00e1n trabajando para m\u00ed. Le dir\u00e9 a la gente acerca de Craig Swapp. Gracias.<\/p>\n<h2>Craig Swapp<\/h2>\n<p>Craig Swapp and Associates<br \/>\nAbogado de Lesiones Personales<br \/>\nMillcreek, UT<br \/>\n84106<br \/>\nUnited States<br \/>\n<i class=\"fa fa-envelope-o\"><\/i> <a href=\"mailto:info@craigswapp.com\" rel=\"nofollow\">info@craigswapp.com<\/a><br \/>\n<i class=\"fa fa-phone\"><\/i> <a href=\"tel:8004049000\" rel=\"nofollow\">1-855-628-5050<\/a><\/p>\n","protected":false},"excerpt":{"rendered":"<p>Contratar un Abogado de Lesiones Personales en Millcreek Millcreek, una ciudad integral y creciente en el \u00e1rea metropolitana de Salt Lake City, experimenta su parte [&hellip;]<\/p>\n","protected":false},"author":2,"featured_media":0,"parent":0,"menu_order":0,"comment_status":"closed","ping_status":"closed","template":"","meta":{"_acf_changed":false,"inline_featured_image":false,"footnotes":""},"class_list":["post-3675","page","type-page","status-publish","hentry"],"acf":[],"_links":{"self":[{"href":"https:\/\/craigswapp.com\/spanish\/wp-json\/wp\/v2\/pages\/3675","targetHints":{"allow":["GET"]}}],"collection":[{"href":"https:\/\/craigswapp.com\/spanish\/wp-json\/wp\/v2\/pages"}],"about":[{"href":"https:\/\/craigswapp.com\/spanish\/wp-json\/wp\/v2\/types\/page"}],"author":[{"embeddable":true,"href":"https:\/\/craigswapp.com\/spanish\/wp-json\/wp\/v2\/users\/2"}],"replies":[{"embeddable":true,"href":"https:\/\/craigswapp.com\/spanish\/wp-json\/wp\/v2\/comments?post=3675"}],"version-history":[{"count":1,"href":"https:\/\/craigswapp.com\/spanish\/wp-json\/wp\/v2\/pages\/3675\/revisions"}],"predecessor-version":[{"id":11039,"href":"https:\/\/craigswapp.com\/spanish\/wp-json\/wp\/v2\/pages\/3675\/revisions\/11039"}],"wp:attachment":[{"href":"https:\/\/craigswapp.com\/spanish\/wp-json\/wp\/v2\/media?parent=3675"}],"curies":[{"name":"wp","href":"https:\/\/api.w.org\/{rel}","templated":true}]}}