{"id":3673,"date":"2016-03-30T19:41:05","date_gmt":"2016-03-30T19:41:05","guid":{"rendered":"http:\/\/craigswapp1.wpengine.com\/?page_id=3673"},"modified":"2021-05-10T13:49:51","modified_gmt":"2021-05-10T13:49:51","slug":"logan","status":"publish","type":"page","link":"https:\/\/craigswapp.com\/spanish\/logan\/","title":{"rendered":"Abogado de Lesiones Personales en Logan"},"content":{"rendered":"<br \/>\n<hr \/>\n<div class=\"row google-map\"><iframe loading=\"lazy\" src=\"https:\/\/www.google.com\/maps\/embed?pb=!1m18!1m12!1m3!1d95259.57728896422!2d-111.84080349999999!3d41.7450739!2m3!1f0!2f0!3f0!3m2!1i1024!2i768!4f13.1!3m3!1m2!1s0x87547de05542a865%3A0xa9b33d0bcbbebcd5!2sLogan%2C+UT!5e0!3m2!1sen!2sus!4v1435678499594\" width=\"600\" height=\"450\" frameborder=\"0\" allowfullscreen=\"allowfullscreen\"><\/iframe><\/div>\n<h2><\/h2>\n<h2>Las Dificultades de las Lesiones Personales<\/h2>\n<p><img loading=\"lazy\" decoding=\"async\" class=\"alignleft size-full wp-image-1787\" src=\"https:\/\/craigswapp.com\/spanish\/wp-content\/uploads\/2015\/03\/images.jpg\" alt=\"Personal Injury in Logan\" width=\"275\" height=\"183\" \/><\/p>\n<p>La mayor\u00eda de las personas no se dan cuenta de lo dif\u00edcil que es lidiar con una lesi\u00f3n personal realmente es hasta que se enfrentan a uno. No es s\u00f3lo el dolor lo que te deprime. Hay mucho m\u00e1s que los forasteros no ven. Citas, facturas m\u00e9dicas, discusiones con las compa\u00f1\u00edas de seguros, y tantos otros factores estresantes de repente entran en la vida de la v\u00edctima &#8211; y no son s\u00f3lo los que sufren. Su familia ahora tiene que lidiar con las finanzas que se han perdido, siendo menos activo, y una dura general en casa. Con la ayuda de un abogado de lesiones personales en Logan, estas v\u00edctimas y sus familias tienen una mejor oportunidad de volver a una forma de vida normal.<\/p>\n<p>&nbsp;<\/p>\n<h2>Lo que un Abogado de Lesiones Personales en Logan Hace<\/h2>\n<p>Un abogado toma varias de las cargas asociadas con lesiones personales fuera de sus hombros, comenzando en \u00abuna llamada basta\u00bb. Se aseguran de que su caso ha sido investigado completamente, manejar su papeleo, y el mayor problema: tratar con las compa\u00f1\u00edas de seguros. A nadie le gusta que lo eviten cuando buscan respuestas, as\u00ed que evite el correr y deje que su abogado lo maneje.<\/p>\n<p>Craig Swapp &amp; Associates est\u00e1n disponibles para ayudarle en Logan, no importa a qu\u00e9 hora nos necesite. D\u00eda o noche, ll\u00e1menos o participe en una sesi\u00f3n de chat. Recuerde: las consultas siempre son gratuitas.<\/p>\n<p><strong>Call <a href=\"tel:\/\/1-855-628-5050\">855-628-5050<\/a>.<\/strong><\/p>\n<table class=\"table table-bordered\">\n<tbody>\n<tr>\n<td><\/td>\n<td>GOOGLE<\/td>\n<td><a href=\"https:\/\/plus.google.com\/+CraigswappWashingtonAttorney\/about\" target=\"_blank\" rel=\"noopener noreferrer\">Revisar las Clasificaciones<\/a><\/td>\n<\/tr>\n<tr>\n<td><\/td>\n<td>YELLOW PAGES<\/td>\n<td><a href=\"http:\/\/www.yellowpages.com\/search?search_terms=craig-swapp-associates&amp;geo_location_terms=sandy-ut\" target=\"_blank\" rel=\"noopener noreferrer\">Revisar las Clasificaciones<\/a><\/td>\n<\/tr>\n<tr>\n<td><\/td>\n<td>CITY SEARCH<\/td>\n<td><a href=\"https:\/\/utah.citysearch.com\/profile\/604424392\/sandy_ut\/craig_swapp_associates.html\" target=\"_blank\" rel=\"noopener noreferrer\">Revisar las Clasificaciones<\/a><\/td>\n<\/tr>\n<tr>\n<td><\/td>\n<td>INSIDER PAGES<\/td>\n<td><i class=\"fa fa-map-marker\"><\/i>Revisar las Clasificaciones<\/td>\n<\/tr>\n<tr>\n<td><\/td>\n<td>Avvo<\/td>\n<td>Revisar las Clasificaciones<\/td>\n<\/tr>\n<\/tbody>\n<\/table>\n<h3><i class=\"fa fa-comments fa-4x\"><\/i>Escuche lo que dicen nuestros clientes:<\/h3>\n<p>Los abogados todos han sido muy \u00fatil.Una vez un mes que llamar para hacerme saber cualquier nueva informaci\u00f3n, sent\u00ed que est\u00e1n trabajando para m\u00ed. Le dir\u00e9 a la gente acerca de Craig Swapp. Gracias.<\/p>\n<p><strong>Craig Swapp<\/strong><br \/>\nCraig Swapp and Associates<br \/>\nAbogado de Lesiones Personales<br \/>\nLogan, Utah<br \/>\n84321<br \/>\nUnited States<br \/>\n<i class=\"fa fa-envelope-o\"><\/i> <a href=\"mailto:info@craigswapp.com\" rel=\"nofollow\">info@craigswapp.com<\/a><br \/>\n<i class=\"fa fa-phone\"><\/i> <a href=\"tel:8004049000\" rel=\"nofollow\">1-855-628-5050<\/a><\/p>\n","protected":false},"excerpt":{"rendered":"<p>Las Dificultades de las Lesiones Personales La mayor\u00eda de las personas no se dan cuenta de lo dif\u00edcil que es lidiar con una lesi\u00f3n personal [&hellip;]<\/p>\n","protected":false},"author":2,"featured_media":0,"parent":0,"menu_order":0,"comment_status":"closed","ping_status":"closed","template":"","meta":{"_acf_changed":false,"inline_featured_image":false,"footnotes":""},"class_list":["post-3673","page","type-page","status-publish","hentry"],"acf":[],"_links":{"self":[{"href":"https:\/\/craigswapp.com\/spanish\/wp-json\/wp\/v2\/pages\/3673","targetHints":{"allow":["GET"]}}],"collection":[{"href":"https:\/\/craigswapp.com\/spanish\/wp-json\/wp\/v2\/pages"}],"about":[{"href":"https:\/\/craigswapp.com\/spanish\/wp-json\/wp\/v2\/types\/page"}],"author":[{"embeddable":true,"href":"https:\/\/craigswapp.com\/spanish\/wp-json\/wp\/v2\/users\/2"}],"replies":[{"embeddable":true,"href":"https:\/\/craigswapp.com\/spanish\/wp-json\/wp\/v2\/comments?post=3673"}],"version-history":[{"count":2,"href":"https:\/\/craigswapp.com\/spanish\/wp-json\/wp\/v2\/pages\/3673\/revisions"}],"predecessor-version":[{"id":11033,"href":"https:\/\/craigswapp.com\/spanish\/wp-json\/wp\/v2\/pages\/3673\/revisions\/11033"}],"wp:attachment":[{"href":"https:\/\/craigswapp.com\/spanish\/wp-json\/wp\/v2\/media?parent=3673"}],"curies":[{"name":"wp","href":"https:\/\/api.w.org\/{rel}","templated":true}]}}