{"id":3580,"date":"2016-03-20T20:14:36","date_gmt":"2016-03-20T20:14:36","guid":{"rendered":"http:\/\/craigswapp1.wpengine.com\/?page_id=3580"},"modified":"2021-05-10T13:28:26","modified_gmt":"2021-05-10T13:28:26","slug":"abogado-lesiones-personales-cedar-city","status":"publish","type":"page","link":"https:\/\/craigswapp.com\/spanish\/abogado-lesiones-personales-cedar-city\/","title":{"rendered":"Abogado de lesiones personales en Cedar City"},"content":{"rendered":"<br \/>\n<hr \/>\n<div class=\"row google-map\"><iframe loading=\"lazy\" src=\"https:\/\/www.google.com\/maps\/embed?pb=!1m18!1m12!1m3!1d50519.69113481854!2d-113.10204995000001!3d37.68490845!2m3!1f0!2f0!3f0!3m2!1i1024!2i768!4f13.1!3m3!1m2!1s0x80b5617fe05ec2d1%3A0xef14cae28073d1e9!2sCedar+City%2C+UT!5e0!3m2!1sen!2sus!4v1435677668207\" width=\"600\" height=\"450\" frameborder=\"0\" allowfullscreen=\"allowfullscreen\"><\/iframe><\/div>\n<h2>El abogado correcto de lesiones personales en Cedar City<\/h2>\n<p><img loading=\"lazy\" decoding=\"async\" class=\"alignright size-full wp-image-1787\" src=\"https:\/\/craigswapp.com\/spanish\/wp-content\/uploads\/2015\/03\/images.jpg\" alt=\"Personal Injury in Cedar City, UT\" width=\"275\" height=\"183\" \/><\/p>\n<p>Si usted ha sido lesionado en un accidente de lesiones personales en Cedar City, Utah, llame a Craig Swapp &amp; Associates. Un accidente de lesi\u00f3n personal afecta a una persona no s\u00f3lo f\u00edsica, sino mental y emocionalmente. Es un tipo de accidente que ocurre cuando una persona es herida como resultado de la negligencia o descuido de otra persona.<\/p>\n<p>Nuestro abogado de lesiones personales en Cedar City es un apasionado de ayudar a las v\u00edctimas en accidentes de lesiones personales volver a sus pies. Tiempo despu\u00e9s de un accidente debe gastarse la recuperaci\u00f3n, vamos a manejar todos sus asuntos legales. Estaremos a su lado y lucharemos por usted hasta que obtenga cada centavo que se merece en un arreglo para pagar los gastos despu\u00e9s de su accidente. Tambi\u00e9n podemos explicar los componentes involucrados en la presentaci\u00f3n de una reclamaci\u00f3n y responder a cualquier pregunta que pueda tener. Ll\u00e1menos hoy para una consulta legal gratuita.<\/p>\n<p>El estatuto de limitaci\u00f3n es la ley en el lugar que establece un marco de tiempo cuando una persona puede presentar una reclamaci\u00f3n y despu\u00e9s de que el per\u00edodo de tiempo ha pasado una persona renuncia a su derecho. El reloj est\u00e1 marcando, no pierda m\u00e1s tiempo. Ll\u00e1menos ahora mismo al 855-628-5050 . Entendemos que estos tipos de accidentes pueden ocurrir en cualquier momento, por eso siempre tendremos a alguien disponible para responder a su llamada.<\/p>\n<table border=\"1\" width=\"100%\">\n<tbody>\n<tr>\n<td><\/td>\n<td>GOOGLE<\/td>\n<td><a href=\"https:\/\/plus.google.com\/+CraigswappWashingtonAttorney\/about\" target=\"_blank\" rel=\"noopener noreferrer\">Revisar las calificaciones<\/a><\/td>\n<\/tr>\n<tr>\n<td><\/td>\n<td>YELLOW PAGES<\/td>\n<td><a href=\"http:\/\/www.yellowpages.com\/search?search_terms=craig-swapp-associates&amp;geo_location_terms=sandy-ut\" target=\"_blank\" rel=\"noopener noreferrer\">Revisar las calificaciones<\/a><\/td>\n<\/tr>\n<tr>\n<td><\/td>\n<td>CITY SEARCH<\/td>\n<td><a href=\"https:\/\/utah.citysearch.com\/profile\/604424392\/sandy_ut\/craig_swapp_associates.html\" target=\"_blank\" rel=\"noopener noreferrer\">Revisar las calificaciones<\/a><\/td>\n<\/tr>\n<tr>\n<td><\/td>\n<td>INSIDER PAGES<\/td>\n<td><i class=\"fa fa-map-marker\"><\/i>Revisar las calificaciones<\/td>\n<\/tr>\n<tr>\n<td><\/td>\n<td>AVVO<\/td>\n<td>Revisar las calificaciones<\/td>\n<\/tr>\n<\/tbody>\n<\/table>\n<h3><i class=\"fa fa-comments fa-4x\"><\/i>Escucha lo que dicen nuestros clientes:<\/h3>\n<p>Los abogados todos han sido muy \u00fatil. Una vez un mes que llamar para hacerme saber cualquier nueva informaci\u00f3n, sent\u00ed que est\u00e1n trabajando para m\u00ed. Le dir\u00e9 a la gente acerca de Craig Swapp. Gracias.<\/p>\n<p><strong>Craig Swapp<\/strong><br \/>\nCraig Swapp and Associates<br \/>\nAbogado de Lesiones Personales<br \/>\nCedar City, Utah<br \/>\n84720<br \/>\n<i class=\"fa fa-envelope-o\"><\/i> <a href=\"mailto:info@craigswapp.com\" rel=\"nofollow\">info@craigswapp.com<\/a><br \/>\n<i class=\"fa fa-phone\"><\/i> <a href=\"tel:8004049000\" rel=\"nofollow\">1-855-628-5050<\/a><\/p>\n","protected":false},"excerpt":{"rendered":"<p>El abogado correcto de lesiones personales en Cedar City Si usted ha sido lesionado en un accidente de lesiones personales en Cedar City, Utah, llame [&hellip;]<\/p>\n","protected":false},"author":2,"featured_media":0,"parent":0,"menu_order":0,"comment_status":"closed","ping_status":"closed","template":"","meta":{"_acf_changed":false,"inline_featured_image":false,"footnotes":""},"class_list":["post-3580","page","type-page","status-publish","hentry"],"acf":[],"_links":{"self":[{"href":"https:\/\/craigswapp.com\/spanish\/wp-json\/wp\/v2\/pages\/3580","targetHints":{"allow":["GET"]}}],"collection":[{"href":"https:\/\/craigswapp.com\/spanish\/wp-json\/wp\/v2\/pages"}],"about":[{"href":"https:\/\/craigswapp.com\/spanish\/wp-json\/wp\/v2\/types\/page"}],"author":[{"embeddable":true,"href":"https:\/\/craigswapp.com\/spanish\/wp-json\/wp\/v2\/users\/2"}],"replies":[{"embeddable":true,"href":"https:\/\/craigswapp.com\/spanish\/wp-json\/wp\/v2\/comments?post=3580"}],"version-history":[{"count":2,"href":"https:\/\/craigswapp.com\/spanish\/wp-json\/wp\/v2\/pages\/3580\/revisions"}],"predecessor-version":[{"id":10987,"href":"https:\/\/craigswapp.com\/spanish\/wp-json\/wp\/v2\/pages\/3580\/revisions\/10987"}],"wp:attachment":[{"href":"https:\/\/craigswapp.com\/spanish\/wp-json\/wp\/v2\/media?parent=3580"}],"curies":[{"name":"wp","href":"https:\/\/api.w.org\/{rel}","templated":true}]}}