{"id":264,"date":"2014-09-02T19:31:36","date_gmt":"2014-09-02T19:31:36","guid":{"rendered":"http:\/\/50.28.86.182\/~craigswapp\/?page_id=264"},"modified":"2023-06-08T16:47:31","modified_gmt":"2023-06-08T16:47:31","slug":"accidentes-de-auto","status":"publish","type":"page","link":"https:\/\/craigswapp.com\/spanish\/accidentes-de-auto\/","title":{"rendered":"Accidentes De Auto"},"content":{"rendered":"<h1 class=\"graybackground\">Accidentes De Auto<\/h1>\n<div class=\"graybackground\">\u00abYo solo estaba haciendo algunas diligencias cuando el accidente ocurrio. El conductor del otro veh\u00edculo se paso un alto e impacto mi carro. Termin\u00e9 en la sala de emergencias con dolores muy fuertes en mi espalda y mi pierna. Ahora no puedo trabajar y mi doctor dice que necesito algunas semanas de terapia. Aunque la policia determino que la otra persona tuvo la culpa; su compa\u00f1\u00eda de seguros no esta cooperando. Me podr\u00edan ayudar?\u00bb<\/div>\n<h2>ES SU HISTORIA SIMILAR?<\/h2>\n<p>Si \u00a0es as\u00ed, Craig Swapp &amp; Associates le puede ayudar a recuperarse financieramente de cualquier tipo de accidente, ya sea que este involucre a carros, camiones, transporte p\u00fablico, motos, bicicletas o peatones.<\/p>\n<p>Desafortunadamente aunque el accidente no haya sido ocasionado por usted ahora usted esta pagando el precio con dolorosas lesiones, perdida de ingresos y recibos m\u00e9dicos.<\/p>\n<p>Ahora usted esta preocupado por su salud, la reparaci\u00f3n o reemplazo de su veh\u00edculo, como pagar los recibos y la frustracion de tener que lidear con los ajustadores de las compa\u00f1\u00edas de seguros que no cooperan con usted.<\/p>\n<p>Aqu\u00ed le decimos como Craig Swapp &amp; Associates le puede ayudar:<\/p>\n<ul>\n<li>Examinaremos cada angulo legal y cada pieza de evidencia para asegurarnos que usted tenga un buen caso en contra de la compa\u00f1\u00eda de seguros ya sea que esta involucre lesiones personales o una muerte injusta.<\/li>\n<li>Nos aseguraremos de que usted reciba el tratamiento m\u00e9dico apropiado para que se pueda recuperar lo m\u00e1s pronto posible<\/li>\n<li>Trabajaremos con sus proveedores m\u00e9dicos para asegurarnos que sus recibos m\u00e9dicos sean pagados<\/li>\n<li>Obtendremos sus expedientes m\u00e9dicos, reportes de policia y otras evidencias para construir el mejor caso posible para usted.<\/li>\n<li>Le aconsejaremos como lidear con su veh\u00edculo chocado o a que le den el valor justo del mismo en caso de que este sea una perdida total.<\/li>\n<li>Y lo m\u00e1s importante, le ayudaremos a obtener cada d\u00f3lar que usted merece en un acuerdo justo con la compa\u00f1\u00eda de seguros. Si es necesario iremos a la corte, mediaci\u00f3n o arbitraje para obtener lo que usted merece.<\/li>\n<\/ul>\n<p>Queremos ayudarle. Vamos a hablar. Le ofrecemos una consulta gratis, sin obligaci\u00f3n, sin presi\u00f3n. Con solo unas simples preguntas nuestros profesionales podr\u00e1n r\u00e1pidamente determinar que tan bueno es su caso y resaltar sus opciones legales. Recuerde usted no incurrir\u00e1 en gastos legales a menos que obtengamos dinero para usted.<br \/>\nDiganos hacerca de su acidente llenando la forma que se encuentra a la derecha o ll\u00e1menos gratuitamente al 1855-628-5050<br \/>\nPreguntas Frequentes : \u00bfTengo un caso por lesiones f\u00edsicas bien fundado?<\/p>\n<p>Respuesta: \u00a0Si estuvo en un accidente de auto donde no fue su culpa y existe cobertura de auto, es muy probable que usted tenga un buen caso.<br \/>\nDurante esta consulta gratis le haremos\u00a0una serie de preguntas para determinar si usted realmente tiene un buen caso.<\/p>\n<ul>\n<li>\u00bf El accidente fu\u00e9 provocado por la negliglencia de otra persona?<\/li>\n<li>\u00bf Sufri\u00f3 lesiones que incurrieron en gastos m\u00e9dicos?<\/li>\n<li>\u00bf Sus lesiones lo dejaron deshabilitado o causar\u00f3n algun tipo de desfiguramiento? (como sicatrices)<\/li>\n<li>\u00bf La contraparte ten\u00eda su seguro de auto al corriente cuando ocurrio el accidente?<\/li>\n<li>\u00bf Tiene seguro de auto? (incluyendo la cobertura de unisured o underinsured?<\/li>\n<li>\u00bf Si era un pasajero , el conductor del vehiculo ten\u00eda seguro de auto?<\/li>\n<\/ul>\n<div class=\"row graybackground\">Agla Sidreis escribe lo siguiente:<br \/>\n\u00abmi experiencia con Craig Swapp &amp; Associates fue mucho mas placentera de lo que yo esperaba. Su equipo de trabajo fue muy amable. Mis llamadas fueron contestadas rapido y mas que nada sent\u00ed que realmente se preocupaban por mi caso. Hay muchos abogados los cuales yo pude elegir. Estoy muy contenta de haberlos elegido a ellos. No puede haber tenido un mejor servicio. Todos fueron muy corteces y amables. Espero no tener otro accidente pero si me ocurriera de nuevo definitivamente les volveria a llamar. Gracias, gracias, gracias. Con solo el click de su mouse o llamando a nuestras oficinas al 1-800-437-4327, Podremos brindarle una consulta GRATIS sin obligaci\u00f3n, ya sea en su casa, en su oficina o en el lugar mas conveniente para usted.<\/div>\n<p>Usted probablemente se estar\u00e1 preguntando \u00bfPor que necesito contratar a un abogado para que lleve mi caso? No es nada desconocido que las compa\u00f1\u00edas de seguros siempre esten buscando su propio beneficio y no el de los demas. El negocio de las compa\u00f1\u00edas de seguro es un negocio muy lucrativo, las compa\u00f1\u00edas de seguros mas grandes se encuentran dentro de las 500 empresas mas importantes del pais. Su objetivo es llevar acabo reclamos lo menos complicados posible, asi es que le ofrecer\u00e1n cualquier cosa para salir del paso. No acepte menos de lo que usted merece. Obtenga una compensaci\u00f3n justa.<\/p>\n<p>En las oficinas de Craig Swapp &amp; Associates, nuestra meta es nivelar el terreno de juego. Tomamos sobre nosotros los dolores de cabeza diarios y las complejidades de lidear con las compa\u00f1\u00edas de seguros y sus ajustadores, para que usted pueda seguir adelante con la vida tan ocupada que lleva. Entendemos las leyes y sus derechos y representamos a nuestros clientes competitiva y agresivamente.<\/p>\n<p>Hemos ayudado a miles de personas como usted a obtener un acuerdo justo despues de un accidente donde existan lesiones.<\/p>\n<p>Si usted cree que la compa\u00f1\u00eda de seguros deber\u00eda pagarle cada dol\u00e1r que usted merece, llene la forma que para su conveniencia hemos agregado a esta pagina o simplemente llamenos al 1-800 437-4327.<\/p>\n<p>Con frecuencia las personas se esperan para ver que le puede ofrecer su compa\u00f1\u00eda de autos antes de llamar a un abogado. Esa decisi\u00f3n le puede costar miles de dol\u00e1res.<\/p>\n<p>Esperar para tomar cartas en el asunto podr\u00eda da\u00f1ar severamente su caso y esta decisi\u00f3n podr\u00eda debilitar su caso. Algunos estatutos o limitaciones varian dependiendo del tipo de caso y del estado donde el accidente ocurrio. (Estatuto de limitacion es el periodo de tiempo que usted tiene para presentar una queja o demanda) Ya que el tratamiento m\u00e9dico es cr\u00edtico despues de un accidente es muy importante que usted busque asistencia m\u00e9dica de inmediato, de no ser asi esto podr\u00eda retrazar su recuperaci\u00f3n f\u00edsica y debilitar su caso al momento de tratar de llegar a un acuerdo.<\/p>\n<p>Algunas victimas inocentemente aceptan una oferta muy baja a lo que por derecho les corresponder\u00eda. Nunca llegue a un acuerdo prematuramente. Llamenos primero y tan pronto como el accidente haya ocurrido. Es muy com\u00fan que las compa\u00f1\u00edas de seguros le ofrezcan una miseria para tratar de llegar a un acuerdo rapido. Muchas personas lo lamentan mas adelante ya que se siguen teniendo dolores y las cuentas m\u00e9dicas se amontonan de nuevo.<\/p>\n<h3>De Paricia Potter<\/h3>\n<p>\u00abFu\u00e9 maravilloso trabajar con la firma de abogados de Craig Swapp &amp; Associates despues de mi accidente. Me sent\u00ed segura de saber que mis necesidades m\u00e9dicas quedaron cubiertas y que me dar\u00edan una compensaci\u00f3n justa por mis da\u00f1os f\u00edsicos y materiales. Estaba en lo correcto ellos lo lograron. Cada miembro de su firma con los que tuve la oportunidad de hablar, me trataron siempre con respeto y fueron muy amigables y se preocupaban por mi caso. Gracias por toda la ayuda que me brindaron. Con mucho gusto podr\u00e9 referir a otras personas a su firma.\u00bb<\/p>\n<p>\u00bfC\u00faanto vale mi caso? Muchas personas se preguntan que tipo de compensaci\u00f3n pueden esperar por su caso. Lo que vale su caso depende de muchos factores como:<\/p>\n<p>* La naturaleza de su accidente y que tan fuertes fueron sus lesiones.<br \/>\n* Sus gastos m\u00e9dicos.<br \/>\n* Pedida de ingresos o gastos adicionales a los que incurrio a causa de su accidente.<br \/>\n* En que terminar\u00f3n sus lesiones y que tan largo fu\u00e9 el proceso de recuperaci\u00f3n (Especialmente si el da\u00f1o fu\u00e9 permanente)<\/p>\n<p>Para obtener cada d\u00f3lar por su caso, pongase en contacto con Craig Swapp &amp; Associates hoy mismo llenando el formulario que se encuentra en esta p\u00e1gina o llamandonos al 855-628-5050.<\/p>\n<p>El proceso de nuestras demandas lleva varios pasos. Cada paso es manejado por un equipo de profesionales en el area legal y supervisados por un abogado. Primero que nada, su compa\u00f1\u00eda de seguros y la compa\u00f1\u00eda del culpable ser\u00e1n notif\u00edcados de inmediato de nuestra representaci\u00f3n. Ayudaremos a establecer bases fuertes para su caso obteniendo y examinando los reportes de policia, fotogr\u00e1fias, formas de ingresos y otros documentos oficiales. Tambien le asistiremos con su propia compa\u00f1\u00eda de seguros la cual podr\u00eda darle algunos beneficios antes de llegar a un acuerdo.<\/p>\n<p>Documentaremos todos los costos asociados con el accidente. Nos pondremos en contacto con todos sus doctores, hospitales y cl\u00ednicas para obtener sus archivos m\u00e9dicos, reportes y cobros. Si tuvo perdida de ingresos debido al accidente, obtendremos la documentaci\u00f3n necesaria de su empleador.<\/p>\n<p>Cuando su caso haya quedado completamente documentado, utilizaremos esta informaci\u00f3n para comenzar a negociar con la compa\u00f1\u00eda de seguros.<\/p>\n<p>Normalmente resolvemos la mayor\u00eda de los casos sin tener que ir a la corte, sin embargo en algunos casos la compa\u00f1\u00eda de seguros se rehusa a ofrecer algo razonable para cerrar el caso. En esos casos es recomendable que nuestros clientes busquen lo justo en la corte.<\/p>\n<p>Craig Swapp &amp; Associates cuenta con un exitoso, experimentado y agresivo equipo en el departamento de litigaci\u00f3n el cual le representar\u00e1 si asi fuera necesario.<\/p>\n<p>Si usted siente que se merece una compensaci\u00f3n mayor y justa por su accidente, comun\u00edquese con nosotros para ver como le podemos ayudar. Por favor tome solo unos minutos para enviarnos toda la informaci\u00f3n referente a su accidente utilizando nuestro conveniente formulario que se encuentra en esta p\u00e1gina o llame a Craig Swapp &amp; Associates al 855-628-5050.<\/p>\n<h3>Comentarios de Trudy Peterson<\/h3>\n<p>\u00abA mi hijo de cinco a\u00f1os y a mi nos choco un conductor en estado de hebriedad. Despues de dos semanas de d\u00f3lores de cabeza y de espalda, decid\u00ed que ser\u00eda mejor llamar a un abogado. Llame a dos abogados y solo me daban largas, no quer\u00edan hablar conmigo a menos que les firmara un contrato o que les dijera que mis cuentas m\u00e9dicas eran mayores de $3,000. Una tarde, un comercial de televisi\u00f3n cambi\u00f3 mi vida con la frase \u00abJusticia en una llamada\u00bb y estaban en lo correcto! Realize mi primera llamada y desde ese momento sent\u00ed que ya no estaba sola con mi problema. Las personas en Craig Swapp &amp; Associates me explicar\u00f3n claramente los pasos a seguir y los limites que deb\u00eda cubrir y cuales eran mis resposabilidades. Ellos trabajar\u00f3n para mi y para mi benificio. Finalmente la presi\u00f3n de todo esto desaparecio. Jamas sent\u00ed que mi caso era menos importantes que los otros. Nunca me senti intimidada o que fuera un problema llamarles y hacerles preguntas. Esa \u00abJusticia en una llamada\u00bb fu\u00e9 la mejor llamada que pude haber hecho. Much\u00edsimas gracias por todo lo que hicieron por mi hijo y por mi. Les estaremos por siempre agradecidos.\u00bb<\/p>\n<p>Llame ahora y al realizar esa llamada podremos quitarle sus preocupaciones y poner a nuestros profesionales a trabajar para usted!<\/p>\n","protected":false},"excerpt":{"rendered":"<p>Accidentes De Auto \u00abYo solo estaba haciendo algunas diligencias cuando el accidente ocurrio. El conductor del otro veh\u00edculo se paso un alto e impacto mi [&hellip;]<\/p>\n","protected":false},"author":2,"featured_media":2014473,"parent":0,"menu_order":0,"comment_status":"open","ping_status":"open","template":"","meta":{"_acf_changed":false,"inline_featured_image":false,"footnotes":""},"class_list":["post-264","page","type-page","status-publish","has-post-thumbnail","hentry"],"acf":[],"_links":{"self":[{"href":"https:\/\/craigswapp.com\/spanish\/wp-json\/wp\/v2\/pages\/264","targetHints":{"allow":["GET"]}}],"collection":[{"href":"https:\/\/craigswapp.com\/spanish\/wp-json\/wp\/v2\/pages"}],"about":[{"href":"https:\/\/craigswapp.com\/spanish\/wp-json\/wp\/v2\/types\/page"}],"author":[{"embeddable":true,"href":"https:\/\/craigswapp.com\/spanish\/wp-json\/wp\/v2\/users\/2"}],"replies":[{"embeddable":true,"href":"https:\/\/craigswapp.com\/spanish\/wp-json\/wp\/v2\/comments?post=264"}],"version-history":[{"count":1,"href":"https:\/\/craigswapp.com\/spanish\/wp-json\/wp\/v2\/pages\/264\/revisions"}],"predecessor-version":[{"id":11316,"href":"https:\/\/craigswapp.com\/spanish\/wp-json\/wp\/v2\/pages\/264\/revisions\/11316"}],"wp:featuredmedia":[{"embeddable":true,"href":"https:\/\/craigswapp.com\/spanish\/wp-json\/wp\/v2\/media\/2014473"}],"wp:attachment":[{"href":"https:\/\/craigswapp.com\/spanish\/wp-json\/wp\/v2\/media?parent=264"}],"curies":[{"name":"wp","href":"https:\/\/api.w.org\/{rel}","templated":true}]}}