{"id":256,"date":"2014-09-02T19:21:10","date_gmt":"2014-09-02T19:21:10","guid":{"rendered":"http:\/\/50.28.86.182\/~craigswapp\/?page_id=256"},"modified":"2021-05-12T14:12:29","modified_gmt":"2021-05-12T14:12:29","slug":"wrongful-death","status":"publish","type":"page","link":"https:\/\/craigswapp.com\/spanish\/wrongful-death\/","title":{"rendered":"Muerte Injusta"},"content":{"rendered":"<p>\nCuando un miembro de la familia muere a causa de un desafortunado accidente, un acto deliberado por otra persona o negligencia. La privaci\u00f3n y los problemas financieros de los miembros de la familia que sobrevivieron pueden ser dif\u00edciles de enfrentar sin la ayuda de un equipo experimentado de abogados especializados en muertes injustas.<\/p>\n<p>Con la muerte inesperada del ser querido, usted y su familia estan experimentando el dolor y el sufrimiento asociados con la p\u00e9rdida del compa\u00f1erismo y la afecci\u00f3n. Le quedaron bastantes gastos m\u00e9dicos sin pagar por lo de la muerte y el accidente, a parte de eso los gastos del funeral. En algunas ocasiones la familia pasa por problemas financieros o p\u00e9rdida de ingresos u otras cuestiones de tipo econ\u00f3mico. Aunque sabemos que este tipo de perdida es irreemplazable, en Craig Swapp &amp; Associates podemos ayudarle con las cargas legales y financieras.<\/p>\n<p>Mediante nuestros esfuerzos, podremos ayudarle a usted y a su familia a recuperarse financieramente con el seguro y con cuestiones legales que acompa\u00f1an una muerte injusta.<\/p>\n<p>Con una muerte injusta, <a href=\"https:\/\/craigswapp.com\/spanish\/es\/\">Craig Swapp &amp; Associates<\/a> puede ayudarle a usted y a su familia con un n\u00famero cuestiones importantes.<\/p>\n<p>Determinaremos qui\u00e9n es el reponsable por la muerte injusta y qu\u00e9 tanta responsabilidad tiene la compa\u00f1\u00eda de seguros.<\/p>\n<p>Tramitaremos lo que sea necesario con la compa\u00f1\u00eda de seguros y los asuntos legales acompa\u00f1ados por una muerte injusta.<\/p>\n<p>Conseguiremos las p\u00e9rdidas financieras acompa\u00f1adas por una muerte injusta y demandaremos solo la compensaci\u00f3n<\/p>\n<p>Nos encargaremos de arreglar las cuestiones legales, protejer su patrimonio y prepar los papeles para demandar a la compa\u00f1\u00eda de seguros.<\/p>\n<p>Para ayudarnos a obtener compensasi\u00f3n por la p\u00e9rdida de su ser querido, por favor llene el formulario de la derecha.<\/p>\n","protected":false},"excerpt":{"rendered":"<p>Cuando un miembro de la familia muere a causa de un desafortunado accidente, un acto deliberado por otra persona o negligencia. La privaci\u00f3n y los [&hellip;]<\/p>\n","protected":false},"author":2,"featured_media":0,"parent":0,"menu_order":0,"comment_status":"open","ping_status":"closed","template":"","meta":{"_acf_changed":false,"inline_featured_image":false,"footnotes":""},"class_list":["post-256","page","type-page","status-publish","hentry"],"acf":[],"_links":{"self":[{"href":"https:\/\/craigswapp.com\/spanish\/wp-json\/wp\/v2\/pages\/256","targetHints":{"allow":["GET"]}}],"collection":[{"href":"https:\/\/craigswapp.com\/spanish\/wp-json\/wp\/v2\/pages"}],"about":[{"href":"https:\/\/craigswapp.com\/spanish\/wp-json\/wp\/v2\/types\/page"}],"author":[{"embeddable":true,"href":"https:\/\/craigswapp.com\/spanish\/wp-json\/wp\/v2\/users\/2"}],"replies":[{"embeddable":true,"href":"https:\/\/craigswapp.com\/spanish\/wp-json\/wp\/v2\/comments?post=256"}],"version-history":[{"count":2,"href":"https:\/\/craigswapp.com\/spanish\/wp-json\/wp\/v2\/pages\/256\/revisions"}],"predecessor-version":[{"id":11361,"href":"https:\/\/craigswapp.com\/spanish\/wp-json\/wp\/v2\/pages\/256\/revisions\/11361"}],"wp:attachment":[{"href":"https:\/\/craigswapp.com\/spanish\/wp-json\/wp\/v2\/media?parent=256"}],"curies":[{"name":"wp","href":"https:\/\/api.w.org\/{rel}","templated":true}]}}