{"id":250,"date":"2014-09-02T17:35:23","date_gmt":"2014-09-02T17:35:23","guid":{"rendered":"http:\/\/50.28.86.182\/~craigswapp\/?page_id=250"},"modified":"2021-05-12T14:11:24","modified_gmt":"2021-05-12T14:11:24","slug":"bicycle-accident-attorney","status":"publish","type":"page","link":"https:\/\/craigswapp.com\/spanish\/bicycle-accident-attorney\/","title":{"rendered":"Los Accidentes de Bicicleta"},"content":{"rendered":"<br \/>\n<h3>Manejamos<\/h3>\n<ul>\n<li>Accidentes de biclicleta donde se encuentran involucrados camiones o autos.<\/li>\n<li>Casos de muerte injusta<\/li>\n<li>Bicicletas defectuosas que hayan causado serios accidentes<\/li>\n<\/ul>\n<h3>\u00bfLe suena familiar esto?<\/h3>\n<blockquote><p>\u00abEstaba manejando mi bicicleta despues del trabajo y llegue al semaforo donde la luz verde estaba encendida. Vi un auto que disminuia su velocidad a mi derecha, como si se fuera a detener, pero cuando estaba cruzando el semaforo,el auto se me metio y me estrelle con el pegando contra un costado del veh\u00edculo. sal\u00ed\u00a0volando hasta el cofre y termine con la clavicula rota, las costillas fracturadas y raspones Fuertes por todo el cuerpo. Mi bicicleta Specialized S-works ya no sirve. La compa\u00f1\u00eda de seguros del conductor esta haciendo lo posible para comprobar que yo tuve algo de culpa. Ahora tengo que pagar todos mis gastos m\u00e9dicos, los cuales incluyen la ambulancia y la visita a la sala de emergencia. Me podr\u00edan ayudar?\u00bb<\/p><\/blockquote>\n<h3>Obten ayuda legal de personas experimentadas AHORA, Abogados de lesiones personales a los cuales tambien les gusta el ciclismo.<\/h3>\n<p>Con esto que el ciclismo en las carreteras se ha vuelto cada d\u00eda mas popular, el n\u00famero de cliclistas inocentes ha incrementado. Ellos han sido v\u00edctimas de automovilistas que no estan poniendo atenci\u00f3n o <strong>automovilistas que manejan agresivamente.<\/strong> Desafortunadamente, las compan\u00edas de seguros ven a los ciclistas como parte del problema. Y hacen lo posible por no cubrir el 100% de los gastos originados por el accidente.<\/p>\n<p>Llevale tu caso a profesionales legales los cuales te pueden <strong>entender al 100% y valoran tu situaci\u00f3n. <\/strong> Los Abogados ciclistas en las oficinas de Craig Swapp &amp; Asociados. En Craig Swapp &amp; Asociados entendemos las dos cosas las leyes y el ciclismo. Las leyes son claras en lo que se refiere a los ciclistas, y los conductores de autos o camiones tienen que tener cuidado con los ciclistas que se encuentran manejando en la linea para ciclistas, y mantenerse alejados de ellos.<\/p>\n<p>Como ya habras experimentado, <strong>las compa\u00f1\u00edas de Seguros tratan a los ciclistas injustamente<\/strong>, los ajustadores deliveradamente confunden lo que son los porcentajes de culpabilidad, el costo de la reparaci\u00f3n o reemplazo de la bicicleta y los accesorios. o el total de las lesiones. Su objetivo es retrasar o negarle al ciclista llegar a un acuerdo completo o justo.<\/p>\n<p>Si un automovilista te choco mientras conducias tu bicicleta y te encuentras lastimado, y esto no fue tu culpa. Te ayudaremos con tu caso para que llegues a un m\u00e1ximo acuerdo y no te traten injustamente, te ayudaremos a que:<\/p>\n<ul>\n<li>Paguen por tus gastos m\u00e9dicos<\/li>\n<li>Reembolsen tu perdida de ingreso<\/li>\n<li>Reparen o reemplazen tu bici<\/li>\n<li>Reemplacen cualquier accesorio que se haya da\u00f1ado como casco, lentes de sol, ropa de ciclista, computadoras, etc.<\/li>\n<li>Obtendremos una compenzaci\u00f3n por el d\u00f3lor y el sufrimiento asociado con tu recuperaci\u00f3n<\/li>\n<li>Desafortunadamente, los accidentes de bicicletas tambien pueden ser fatales, podemos representar a las esposas o algun otro familiar en caso de muerte injusta.<\/li>\n<\/ul>\n<p>Tambien vemos casos de accidentes causados por componentes de bicicletas defectuosos, como el cuadro, la tijera, las ruedas etc. Examinando la evidencia f\u00edsica, nosotros y nuestro expertos Ingenieros podr\u00e1n ayudar a determinar si la causa del accidente fu\u00e9 debido al dise\u00f1o o un defecto de fabrica. Tambien examinaremos si los fabricantes fayaron al no advertir que el producto estaba defectuoso.<\/p>\n<p>En Craig Swapp y Asociados, tenemos un equipo de abogados que les encanta el ciclismo. D\u00e9spues de todo nosotros manejamos bicicletas marca Orbea, Specialized y Pinarello y enfrentamos los mismos problemas que ustedes en la carretera.<\/p>\n<p>Vengan con nuestros Abogados ciclistas para obtener una consulta gratuita y para ver como te podemos ayudar.<\/p>\n<p>Para una respuesta inmediata, comunicate con nosotros llamando al 855-628-5050\u00a0\u00a0para una consulta gratuita.<\/p>\n","protected":false},"excerpt":{"rendered":"<p>Manejamos Accidentes de biclicleta donde se encuentran involucrados camiones o autos. Casos de muerte injusta Bicicletas defectuosas que hayan causado serios accidentes \u00bfLe suena familiar [&hellip;]<\/p>\n","protected":false},"author":2,"featured_media":0,"parent":0,"menu_order":0,"comment_status":"open","ping_status":"open","template":"","meta":{"_acf_changed":false,"inline_featured_image":false,"footnotes":""},"class_list":["post-250","page","type-page","status-publish","hentry"],"acf":[],"_links":{"self":[{"href":"https:\/\/craigswapp.com\/spanish\/wp-json\/wp\/v2\/pages\/250","targetHints":{"allow":["GET"]}}],"collection":[{"href":"https:\/\/craigswapp.com\/spanish\/wp-json\/wp\/v2\/pages"}],"about":[{"href":"https:\/\/craigswapp.com\/spanish\/wp-json\/wp\/v2\/types\/page"}],"author":[{"embeddable":true,"href":"https:\/\/craigswapp.com\/spanish\/wp-json\/wp\/v2\/users\/2"}],"replies":[{"embeddable":true,"href":"https:\/\/craigswapp.com\/spanish\/wp-json\/wp\/v2\/comments?post=250"}],"version-history":[{"count":1,"href":"https:\/\/craigswapp.com\/spanish\/wp-json\/wp\/v2\/pages\/250\/revisions"}],"predecessor-version":[{"id":11356,"href":"https:\/\/craigswapp.com\/spanish\/wp-json\/wp\/v2\/pages\/250\/revisions\/11356"}],"wp:attachment":[{"href":"https:\/\/craigswapp.com\/spanish\/wp-json\/wp\/v2\/media?parent=250"}],"curies":[{"name":"wp","href":"https:\/\/api.w.org\/{rel}","templated":true}]}}