{"id":241,"date":"2014-08-29T18:35:07","date_gmt":"2014-08-29T18:35:07","guid":{"rendered":"http:\/\/50.28.86.182\/~craigswapp\/?page_id=241"},"modified":"2021-05-12T14:00:53","modified_gmt":"2021-05-12T14:00:53","slug":"accidentes-con-vehiculos-grandes","status":"publish","type":"page","link":"https:\/\/craigswapp.com\/spanish\/accidentes-con-vehiculos-grandes\/","title":{"rendered":"Accidentes con Veh\u00edculos grandes"},"content":{"rendered":"<p>\nDebido al tama\u00f1o y al peso de estos semi-tractores, las lesiones ocasionadas por estos veh\u00edculos, algunas veces son muy serias y le ser\u00e1n requeridas semanas o hasta meses de recuperaci\u00f3n. Desafortunadamente, ahora se esta enfrentando a dolores y sufrimiento no deseados, p\u00e9rdida de ingresos y gastos m\u00e9dicos inesperados. !Necesita Ayuda!<\/p>\n<p>En <a href=\"https:\/\/craigswapp.com\/spanish\/es\/\">Craig Swapp &amp; Associates<\/a> sabemos como manejar su accidente con veh\u00edculos grandes:<\/p>\n<ul>\n<li>Nuestros experimentados abogados cuentan con amplio conocimiento sobre las leyes federales,estatales y las regulaciones que gobiernan los veh\u00edculos comerciales.<\/li>\n<li>Separaremos los grados de responsabilidad, covertura del seguro, las partes responsables y la investigaci\u00f3n de la polic\u00eda.<\/li>\n<li>Examinaremos cada \u00e1ngulo legal y cada evidencia para asegurarnos de que su caso se encuentre bien sustentado en contra de la compa\u00f1\u00eda de seguros.<\/li>\n<li>Nos aseguraremos de que reciba los cuidados m\u00e9dicos apropiados, para que pueda recuperarse lo mas pronto posible.<\/li>\n<li>Trabajaremos con sus proveedores de servicios m\u00e9dicos para asegurarnos de que ya se hayan hecho cargo de sus recibos.<\/li>\n<li>Le diremos la mejor manera de tratar con las\u00a0personas que reparan su veh\u00edculo y para que le den m\u00e1s dinero por su veh\u00edculo si fu\u00e9 p\u00e9rdida total.<\/li>\n<li>Nos encargaremos de juntar sus recibos m\u00e9dicos, reportes de policia y cualquier otro tipo de evidencia que nos ayude a sustentar mejor su caso.<\/li>\n<li>Y lo m\u00e1s importante, nos aseguraremos de que reciba cada dolar que se merece en un juicio justo con la compa\u00f1\u00eda de seguros. Y si fuera necesario, iremos a la corte, mediaci\u00f3n o arbitraje para ayudarle a obtener lo que usted se merece.<\/li>\n<\/ul>\n<p>Para ayudarle con su accidente por favor llene la forma de la derecha.<\/p>\n","protected":false},"excerpt":{"rendered":"<p>Debido al tama\u00f1o y al peso de estos semi-tractores, las lesiones ocasionadas por estos veh\u00edculos, algunas veces son muy serias y le ser\u00e1n requeridas semanas [&hellip;]<\/p>\n","protected":false},"author":2,"featured_media":0,"parent":0,"menu_order":0,"comment_status":"open","ping_status":"open","template":"","meta":{"_acf_changed":false,"inline_featured_image":false,"footnotes":""},"class_list":["post-241","page","type-page","status-publish","hentry"],"acf":[],"_links":{"self":[{"href":"https:\/\/craigswapp.com\/spanish\/wp-json\/wp\/v2\/pages\/241","targetHints":{"allow":["GET"]}}],"collection":[{"href":"https:\/\/craigswapp.com\/spanish\/wp-json\/wp\/v2\/pages"}],"about":[{"href":"https:\/\/craigswapp.com\/spanish\/wp-json\/wp\/v2\/types\/page"}],"author":[{"embeddable":true,"href":"https:\/\/craigswapp.com\/spanish\/wp-json\/wp\/v2\/users\/2"}],"replies":[{"embeddable":true,"href":"https:\/\/craigswapp.com\/spanish\/wp-json\/wp\/v2\/comments?post=241"}],"version-history":[{"count":2,"href":"https:\/\/craigswapp.com\/spanish\/wp-json\/wp\/v2\/pages\/241\/revisions"}],"predecessor-version":[{"id":11315,"href":"https:\/\/craigswapp.com\/spanish\/wp-json\/wp\/v2\/pages\/241\/revisions\/11315"}],"wp:attachment":[{"href":"https:\/\/craigswapp.com\/spanish\/wp-json\/wp\/v2\/media?parent=241"}],"curies":[{"name":"wp","href":"https:\/\/api.w.org\/{rel}","templated":true}]}}