{"id":224,"date":"2014-08-29T17:03:28","date_gmt":"2014-08-29T17:03:28","guid":{"rendered":"http:\/\/50.28.86.182\/~craigswapp\/?page_id=224"},"modified":"2021-05-12T14:16:02","modified_gmt":"2021-05-12T14:16:02","slug":"faq","status":"publish","type":"page","link":"https:\/\/craigswapp.com\/spanish\/faq\/","title":{"rendered":"Preguntas Frecuentes"},"content":{"rendered":"<br \/>\n<h4>\u00bfQu\u00e9 tipo de seguro de carro necesito?<\/h4>\n<p>Asegurese de que su seguro cuente por lo menos con suficiente cobertura para cubrir a terceras pesonas de cualquier da\u00f1o o lesiones que usted pueda ocasionar. (En USA es conocido como liability), ya que no podemos predecir que tan severo ser\u00e1 su pr\u00f3ximo accidente. Tiene que tener suficiente covertura para proteger adecuadamente los da\u00f1os que pudieran resultar de un accidente severo. Le recomendamos que los l\u00edmites sean de por lo menos $100,000 dlls por persona\/$300,000 por accidente (comunmente conocido como cobertura 100\/300). Deber\u00e1 tambi\u00e9n adquirir un seguro que se llama conductor sin seguro (UM) y bajo la covertura de un conductor asegurado (UIM) para protejerlo a usted y a su familia de conductores irresponsables que pudieran ocasionarle da\u00f1os f\u00edsicos. Estudios han demostrado que un tercio de todos los conductores que transitan en nuestras carreteras no tienen seguro. De nuevo le recomendamos que adquiera su seguro con covertura de 100\/300 para UM y UIM. No es recomendable permitir que los agentes de seguros lo convenzan de no adquirir estos seguros, UM y UIM existen demasiados conductores en nuestras calles y carreteras que tienen muy poca covertura y en algunos casos ninguna;sin importarles hacer caso omiso de las leyes de responsabilidad financiera. Muchos estados requieren tambi\u00e9n que se obtenga un seguro llamado Protecci\u00f3n para lesiones personales. (PIP) (Personal Injury Proteccion) el cual generalmente ayuda a pagar por los gastos m\u00e9dicos, p\u00e9rdida de ingresos, y servicios esenciales sin importar de qui\u00e9n fu\u00e9 la culpa.<\/p>\n<h4>\u00bfMe recomienda ponerme en contacto con las compa\u00f1\u00edas de Seguros involucradas d\u00e9spues de mi accidente?<\/h4>\n<p>Usted est\u00e1 obligado a not\u00edfircar a su compa\u00f1\u00eda de seguros si tiene el seguro con cobertura para lesiones f\u00edsicas (PIP) su proveedor de seguro deber\u00e1 ayudarle a cubrir los gastos iniciales, como recibos m\u00e9dicos, perdida de ingresos, y servicios esenciales. Tambi\u00e9n podr\u00eda pedir una compensaci\u00f3n por da\u00f1os en general, por el dolor y el sufrimiento si ha dicho que quedo con lesiones persistentes y muy dolorosas. Antes de hacer cualquier declaraci\u00f3n a la compa\u00f1\u00eda de seguros llame a sus abogados para que lo asesoren sin importar quien tuvo la culpa. Es muy comun que los ajustadores del seguro insistan en que haga una declaraci\u00f3n o firme algun documento, si lo hace podr\u00eda repercutir en su demanda.<\/p>\n<h4>\u00bfComo s\u00e9 si mi demanda procede?<\/h4>\n<p>Si fu\u00e9 lesionado en un accidente automovil\u00edstico donde no tuvo la culpa, es muy probable que pueda demandar. Durante nuestra consulta inicial, tendr\u00e1 que responder a una serie de preguntas para poder determinar si su caso procede con nosotros. \u00bfEl accidente fu\u00e9 causado por la negligencia del otro conductor? \u00bf Sufr\u00ed lesiones f\u00edsicas que incurrieron en gastos m\u00e9dicos?\u00bfSus lesiones terminaron por dejarlo minusvalido o disfigurado, (con cicatrices)? \u00bfLa otra parte ten\u00eda un seguro de carro vigente a la hora del accidente? Usted ten\u00eda seguro? Incluyendo el UM y el UIM al momento del accidente? Si era un pasajero \u00bfEl due\u00f1o del veh\u00edculo ten\u00eda seguro? Basandonos en las respuestas a estas preguntas y a otras evidencias, asi como el reporte de la policia, podremos determinar si usted tiene un buen caso.<\/p>\n<h4>\u00bfPor qu\u00e9 es importante contratar un abogado para que me ayude?<\/h4>\n<p>Las compa\u00f1\u00edas de seguros normalmente ven por sus propios intereses;no por los suyos el negocio de los seguros deja mucho dinero, sin duda es por eso que algunas de las compa\u00f1\u00edas de seguros se encuentran dentro de las 500 compa\u00f1ias mas ricas del mundo. Su meta es hacer que el proceso legal se complique, buscando que usted se desespere para que termine aceptando cualquier cosa que le ofrezcan y no darle la compensaci\u00f3n total que merece. En Craig Swapp &amp; Associates nuestra meta es nivelar el campo de juego. Pondremos su reponsabilidad en nuestros hombros y los dolores de cabeza que las compan\u00edas de Seguros y sus ajustadores nos ocasionar\u00e1n al tratar de negociar con ellos, para que usted pueda continuar con la vida tan ocupada que lleva. Conocemos la ley y sus derechos, y como representar a nuestros clientes competentemente y con agresividad si se requiere. Hemos ayudado a miles de personas como usted, a lograr un acuerdo justo despu\u00e9s de haber salido lesionados de un accidente.<\/p>\n<h4>\u00bfQu\u00e9 pasa si la compa\u00f1\u00eda de seguros me hace una oferta r\u00e1pida para llegar a un acuerdo?<\/h4>\n<p>No deber\u00eda llegar a ning\u00fan acuerdo prematuramente. La paciencia es importante para obtener cada dollar que merece del acuerdo. A menudo las compa\u00f1\u00edas de seguros le har\u00e1n ofertas para que acepte lo que sea y no tengan que pagarle lo que realmente merece. Muchas de las personas que lo han hecho se han arrepentido, ya que sus dolores f\u00edsicos continuaron y tuvieron que seguir acudiendo a la terapia y los gastos m\u00e9dicos se les fueron acumulando de Nuevo.<\/p>\n<h4>\u00bfC\u00faanto dinero cree que podr\u00eda obtener con mi caso?<\/h4>\n<p>Muchas personas se preguntan que tipo de compensaci\u00f3n podr\u00e1n recibir de su caso. Lo que podr\u00e1 obtener de su demanda depende de varios factores como:la naturaleza del accidente, por cuanto tiempo ha tenido molestias, el tipo de heridas que presenta, a cu\u00e1nto ascienden sus gastos m\u00e9dicos, y el \u00faltimo proceso de recuperaci\u00f3n. (especialmente si cuenta con lesiones permanentes.) Una vez que hayamos investigado minuciosamente todo sobre el accidente y las lesiones que nuestro cliente presenta, contaremos con la informaci\u00f3n necesaria para poder evaluar su caso y comenzar a negociar para conseguirle una compensaci\u00f3n justa.<\/p>\n<h4>\u00bfCu\u00e1nto tiempo tomar\u00e1 llegar a un acuerdo?<\/h4>\n<p>Podr\u00eda llevarse varios meses, o hasta un a\u00f1o o dos. \u00bfPorqu\u00e9? Nuestra prioridad principal es ayudarle a recibir el cuidado m\u00e9dico que usted necesita. Una vez que se haya recuperado de sus heridas, es el momento apropiado para discut\u00edr las opciones que se tienen para poder llegar a un acuerdo. Debemos recordarle que una vez que llegue a un acuerdo le har\u00e1n firmar el fallo final donde renunciar\u00e1 a continuar con la demanda y ya no podr\u00e1 reclamar por nada. Por eso es muy importante que su m\u00e9dico ya haya determinado el total de sus heridas y que haya recibido el tratamiento necesario. Normalmente resolvemos los casos exitosamente dentro de los siguientes meses despu\u00e9s del tratamiento. Si es requerido que litiguemos el caso entonces tomar\u00e1 un poco m\u00e1s de tiempo debido a las reglas que el proceso requiere y los retrasos inherentes al sistema de justicia civil.<\/p>\n<h4>\u00bfEstar\u00e9 a tiempo para presentar mi demanda?<\/h4>\n<p>No es buena idea que lo dejes para despu\u00e9s. Ciertos estatutos limitativos var\u00edan dependiendo en el tipo de accidente y el estado donde el accidente ocurri\u00f3. Los estatutos limitativos como su nombre lo dice limitan el tiempo dentro del cual tiene que presentar su demanda. (Una vez que este haya preescrito, las opciones para presentar su demanda son muy pocas si no es que nulas) En general un retraso puede ocasionar que no contemos con elementos clave para poder ganar su caso. Por ejemplo, Los testigos del accidente puede que ya no esten disponibles o puede que ya no se acuerde muy claramente de los hechos. el tratamiento m\u00e9dico deb\u00e9 realizarse de inmediato, retrasar el tratamiento m\u00e9dico puede retrasar su recuperaci\u00f3n f\u00edsica y debilitar su caso mientras estamos tratando de llegar a un acuerdo. Algunas fechas l\u00edmite se aplican cuando se requiere demandar a alguna entidad gubernamental.<\/p>\n<h4>\u00bfPor qu\u00e9 tengo que buscar ayuda m\u00e9dica?<\/h4>\n<p>Por lo regular despu\u00e9s de su accidente se encontrara con molestias o dolor, siempre es una buena idea que se haga ver por un m\u00e9dico profesional, especialmente cuando tiene heridas f\u00edsicas como dolores de cuello, dolor de espalda, dolores de cabeza, etc. Los cuales son muy comunes en los accidentes automovil\u00edsticos. Estas heridas corporales pueden terminar siendo cr\u00f3nicas si no se tratan de inmediato. Si no sabe a que m\u00e9dico acudir nosotros le podemos recomendar un m\u00e9dico calificado cerca de usted alguien que cuente con amplia experiencia tratando lesiones como las que usted presenta.<\/p>\n<h4>\u00bfSi presento la demanda, mi compa\u00f1\u00eda de seguros subir\u00e1 mi cuota?<\/h4>\n<p>Su compa\u00f1\u00eda de seguros s\u00f3lo subir\u00e1 su cuota si usted causo el accidente o si su manera de conducir contribuy\u00f3 en el accidente. Si cree que su compa\u00f1\u00eda de seguros ha incrementado su cuota inapropiadamente, debe ponerse en contacto con el departamento de seguros del estado y presentar una queja.<\/p>\n<h4>\u00bfAhora que el abogado esta llevando mi caso, necesitar\u00e9 ir a la corte?<\/h4>\n<p>Nosotros resolvemos la mayor\u00eda de los casos exitosamente sin necesidad de acudir a la corte, como sea en algunos casos las compa\u00f1\u00edas de seguros se rehusaran a hacer una oferta justa y razonable. En esos casos les recomendamos a nuestros clientes que acudan a la corte para tratar de obtener lo justo. En Craig Swapp &amp; Associates, contamos con un equipo de abogados litigantes muy eficientes y agresivos que lo representar\u00e1n durante todo el proceso de litigaci\u00f3n si fuese necesario.<\/p>\n<h4>\u00bfQu\u00e9 pasar\u00e1 si no gano el caso?<\/h4>\n<p>En <a href=\"https:\/\/craigswapp.com\/spanish\/es\/\">Craig Swapp &amp; Associates<\/a> trabajamos con una tarifa b\u00e1sica de contingencia, esto significa que si su caso no se resuelve exitosamente, no le cobraremos nada por nuestros servicios legales.<\/p>\n","protected":false},"excerpt":{"rendered":"<p>\u00bfQu\u00e9 tipo de seguro de carro necesito? Asegurese de que su seguro cuente por lo menos con suficiente cobertura para cubrir a terceras pesonas de [&hellip;]<\/p>\n","protected":false},"author":2,"featured_media":0,"parent":0,"menu_order":0,"comment_status":"open","ping_status":"open","template":"","meta":{"_acf_changed":false,"inline_featured_image":false,"footnotes":""},"class_list":["post-224","page","type-page","status-publish","hentry"],"acf":[],"_links":{"self":[{"href":"https:\/\/craigswapp.com\/spanish\/wp-json\/wp\/v2\/pages\/224","targetHints":{"allow":["GET"]}}],"collection":[{"href":"https:\/\/craigswapp.com\/spanish\/wp-json\/wp\/v2\/pages"}],"about":[{"href":"https:\/\/craigswapp.com\/spanish\/wp-json\/wp\/v2\/types\/page"}],"author":[{"embeddable":true,"href":"https:\/\/craigswapp.com\/spanish\/wp-json\/wp\/v2\/users\/2"}],"replies":[{"embeddable":true,"href":"https:\/\/craigswapp.com\/spanish\/wp-json\/wp\/v2\/comments?post=224"}],"version-history":[{"count":1,"href":"https:\/\/craigswapp.com\/spanish\/wp-json\/wp\/v2\/pages\/224\/revisions"}],"predecessor-version":[{"id":11375,"href":"https:\/\/craigswapp.com\/spanish\/wp-json\/wp\/v2\/pages\/224\/revisions\/11375"}],"wp:attachment":[{"href":"https:\/\/craigswapp.com\/spanish\/wp-json\/wp\/v2\/media?parent=224"}],"curies":[{"name":"wp","href":"https:\/\/api.w.org\/{rel}","templated":true}]}}