{"id":1483,"date":"2015-02-05T16:41:01","date_gmt":"2015-02-05T16:41:01","guid":{"rendered":"http:\/\/craigswapp1.wpengine.com\/?page_id=1483"},"modified":"2023-06-08T16:47:58","modified_gmt":"2023-06-08T16:47:58","slug":"abogado-negligencia-medica","status":"publish","type":"page","link":"https:\/\/craigswapp.com\/spanish\/abogado-negligencia-medica\/","title":{"rendered":"Negligencia M\u00e9dica"},"content":{"rendered":"<p>Si usted ha sufrido debido a una acci\u00f3n negligente o la inacci\u00f3n realizada por un m\u00e9dico, hospital u otro profesional de la salud, podr\u00eda tener motivos para una demanda por negligencia m\u00e9dica.<\/p>\n<p>Esos tipos de\u00a0<a href=\"https:\/\/craigswapp.com\/spanish\/salt-lake-city\/\">lesiones personales<\/a>\u00a0casos son incre\u00edblemente complejos y requieren la habilidad de un experimentado abogado de negligencia m\u00e9dica de Salt Lake City de\u00a0<a href=\"https:\/\/craigswapp.com\/spanish\/\">Craig Swapp &amp; Associates<\/a>.<\/p>\n<p>&nbsp;<\/p>\n<h2>Tipos de Negligencia\u00a0M\u00e9dica<\/h2>\n<p>Hay varios tipos diferentes de reclamaciones de negligencia m\u00e9dica que vemos de manera regular, incluyendo todos los siguientes:<\/p>\n<ul>\n<li style=\"font-weight: 400;\">Tomar la medicaci\u00f3n equivocada, la dosis incorrecta o la medicaci\u00f3n defectuosa<\/li>\n<li style=\"font-weight: 400;\"><a href=\"http:\/\/emedicine.medscape.com\/article\/980112-overview\" target=\"_blank\" rel=\"noopener noreferrer\">Lesiones de nacimiento<\/a><\/li>\n<li style=\"font-weight: 400;\">Diagn\u00f3stico err\u00f3neo<\/li>\n<li style=\"font-weight: 400;\">Complicaciones de la cirug\u00eda y otros errores quir\u00fargicos<\/li>\n<li style=\"font-weight: 400;\">Y mas<\/li>\n<\/ul>\n<p>&nbsp;<\/p>\n<h2>Recopilaci\u00f3n de Pruebas<\/h2>\n<p>Prueba de negligencia m\u00e9dica requiere pruebas m\u00e1s all\u00e1 de lo que se necesita en un caso de lesiones est\u00e1ndar. Su abogado de negligencia m\u00e9dica de Salt Lake City tratar\u00e1 de probar todos los puntos enumerados a continuaci\u00f3n:<\/p>\n<ul>\n<li style=\"font-weight: 400;\">Sus lesiones fueron causadas por acciones negligentes o inacci\u00f3n-no por causas naturales<\/li>\n<li style=\"font-weight: 400;\">Sus lesiones podr\u00edan haberse evitado<\/li>\n<li style=\"font-weight: 400;\">Alguien que ejerza el cuidado apropiado habr\u00eda tomado diferentes decisiones que el profesional de la salud que le hizo da\u00f1o<\/li>\n<\/ul>\n<p>&nbsp;<\/p>\n<h2>Estatua de Limitaciones de Negligencia\u00a0de M\u00e9dica<\/h2>\n<p>Le recomendamos que llame a nuestra oficina y presente una demanda lo antes posible. Esto es por varias razones:<\/p>\n<p>En primer lugar, nos permite reunir pruebas y entrevistar a testigos mientras la informaci\u00f3n sigue siendo fresca y de f\u00e1cil acceso.<\/p>\n<p>Segundo, hay una\u00a0estatua de limitaciones\u00a0de dos a\u00f1os por negligencia m\u00e9dica. Si espera hasta que este tiempo haya pasado, puede perder su capacidad de buscar compensaci\u00f3n monetaria. Usted todav\u00eda puede presentar su demanda mientras se est\u00e1 recuperando, pero si espera para presentarlo hasta que se haya alcanzado el estatuto, su caso podr\u00eda ser rechazado.<\/p>\n<p>&nbsp;<\/p>\n<h2>El Proceso Legal<\/h2>\n<p>La contrataci\u00f3n de un abogado de negligencia m\u00e9dica de Salt Lake City no significa necesariamente que usted terminar\u00e1 yendo a juicio. Los hospitales, los m\u00e9dicos y sus aseguradores suelen optar por resolver una reclamaci\u00f3n fuera del tribunal, ya que limita su exposici\u00f3n p\u00fablica y la responsabilidad.<\/p>\n<p>Una vez que hayamos valorado completamente su reclamaci\u00f3n, podemos preparar y enviar una carta de demanda. Esta es una herramienta de negociaci\u00f3n de arreglo: Si la otra parte responde positivamente y est\u00e1 dispuesta a hacer una oferta de arreglo justa, le recomendaremos que acepte la oferta en lugar de ir a los tribunales.<\/p>\n<p>Si, sin embargo, le ofrecen una cantidad insuficiente, le recomendamos que proceda a un juicio para que pueda recibir la mayor compensaci\u00f3n posible.<\/p>\n<p>&nbsp;<\/p>\n<h2>Hable con un Abogado de Negligencia M\u00e9dica de Salt Lake City<\/h2>\n<p>La contrataci\u00f3n de un abogado de negligencia m\u00e9dica de Salt Lake City de Craig Swapp &amp; Associates le da su\u00a0<a href=\"https:\/\/birdeye.com\/craig-swapp-associates-147042625253278\" target=\"_blank\" rel=\"noopener noreferrer\">mejor oportunidad para el \u00e9xito<\/a>. Puede programar una cita gratis llamando al\u00a0<a href=\"tel:18004049000\">1-855-628-5050<\/a>\u00a0o mediante el formulario de contacto que aparece a continuaci\u00f3n.<\/p>\n","protected":false},"excerpt":{"rendered":"<p>Si usted ha sufrido debido a una acci\u00f3n negligente o la inacci\u00f3n realizada por un m\u00e9dico, hospital u otro profesional de la salud, podr\u00eda tener [&hellip;]<\/p>\n","protected":false},"author":2,"featured_media":2014484,"parent":0,"menu_order":0,"comment_status":"open","ping_status":"open","template":"","meta":{"_acf_changed":false,"inline_featured_image":false,"footnotes":""},"class_list":["post-1483","page","type-page","status-publish","has-post-thumbnail","hentry"],"acf":[],"_links":{"self":[{"href":"https:\/\/craigswapp.com\/spanish\/wp-json\/wp\/v2\/pages\/1483","targetHints":{"allow":["GET"]}}],"collection":[{"href":"https:\/\/craigswapp.com\/spanish\/wp-json\/wp\/v2\/pages"}],"about":[{"href":"https:\/\/craigswapp.com\/spanish\/wp-json\/wp\/v2\/types\/page"}],"author":[{"embeddable":true,"href":"https:\/\/craigswapp.com\/spanish\/wp-json\/wp\/v2\/users\/2"}],"replies":[{"embeddable":true,"href":"https:\/\/craigswapp.com\/spanish\/wp-json\/wp\/v2\/comments?post=1483"}],"version-history":[{"count":3,"href":"https:\/\/craigswapp.com\/spanish\/wp-json\/wp\/v2\/pages\/1483\/revisions"}],"predecessor-version":[{"id":2014488,"href":"https:\/\/craigswapp.com\/spanish\/wp-json\/wp\/v2\/pages\/1483\/revisions\/2014488"}],"wp:featuredmedia":[{"embeddable":true,"href":"https:\/\/craigswapp.com\/spanish\/wp-json\/wp\/v2\/media\/2014484"}],"wp:attachment":[{"href":"https:\/\/craigswapp.com\/spanish\/wp-json\/wp\/v2\/media?parent=1483"}],"curies":[{"name":"wp","href":"https:\/\/api.w.org\/{rel}","templated":true}]}}