{"id":147,"date":"2014-08-15T17:21:51","date_gmt":"2014-08-15T17:21:51","guid":{"rendered":"http:\/\/50.28.86.182\/~craigswapp\/?page_id=147"},"modified":"2021-05-06T17:02:38","modified_gmt":"2021-05-06T17:02:38","slug":"abogado-de-accidente-de-carro-en-salt-lake-city","status":"publish","type":"page","link":"https:\/\/craigswapp.com\/spanish\/abogado-de-accidente-de-carro-en-salt-lake-city\/","title":{"rendered":"Abogado de accidentes de carros en Salt Lake City"},"content":{"rendered":"<p>\n<a href=\"https:\/\/craigswapp.com\/spanish\/\">Craig Swapp &amp; Associates<\/a>\u00a0puede ayudarle a obtener la recuperaci\u00f3n financiera de casi cualquier accidente que se lesion\u00f3, y los accidentes de carro resultan ser el tipo de caso m\u00e1s com\u00fan que tratamos. Si recientemente se ha convertido en una v\u00edctima de lesiones en un accidente de carro, no dude en ponerse en contacto con nosotros para obtener asistencia inmediata de un abogado de accidentes de carros en Salt Lake City en el que puede confiar.<\/p>\n<h2>Estadisticas de accidentes de carros en Salt Lake City<\/h2>\n<p>De acuerdo con el Departamento de Seguridad P\u00fablica de Utah, m\u00e1s de 50.000 accidentes ocurren cada a\u00f1o en nuestro estado, con cerca de 200 de ellos son fatales. Las razones por las que ocurren los accidentes automovil\u00edsticos pueden variar, desde las condiciones de clima hasta la conducci\u00f3n distra\u00edda.<\/p>\n<p>En Utah, hay un accidente de carro cada diez minutos. El n\u00famero de naufragios de carros ha aumentado en realidad un 25 por ciento en los \u00faltimos dos a\u00f1os, principalmente debido a la negligencia del conductor. Puesto que tomar decisiones malas es peligroso mientras conduce, esto ha llevado a una persona ser herida en un accidente de carro cada veintitr\u00e9s minutos en nuestro estado.<\/p>\n<p>Las causas m\u00e1s comunes de accidentes mortales de carros en Utah incluyen los siguientes:<\/p>\n<ul>\n<li style=\"font-weight: 400;\">Exceso de velocidad<\/li>\n<li style=\"font-weight: 400;\">No permanacer en el carril correcto<\/li>\n<li style=\"font-weight: 400;\">No usar el cintur\u00f3n de seguridad<\/li>\n<li style=\"font-weight: 400;\">Conducir ebrio<\/li>\n<li style=\"font-weight: 400;\">No ceder el derecho de paso<\/li>\n<\/ul>\n<p>Independientemente de lo que caus\u00f3 su accidente, un abogado de accidentes de carro de Salt Lake City de nuestra firma puede ayudarle a construir su caso y demostrar la negligencia del otro conductor.<\/p>\n<h2>Necesitamos demostrar negligencia<\/h2>\n<p>Cada vez que usted est\u00e1 en un accidente de carro, usted tiene que asumir que el otro conductor pretender\u00e1 ser inocente. Incluso cuando el accidente fue claramente su culpa, la mayor\u00eda de los conductores no quieren arriesgarse a ser considerado responsable de los da\u00f1os causados en un accidente.<\/p>\n<p>Si una compa\u00f1\u00eda de seguros est\u00e1 involucrada, puede contar con ellos para tener un equipo legal experimentado con recursos sustanciales a su disposici\u00f3n. Pagar en su soluci\u00f3n significa reducir los beneficios de la compa\u00f1\u00eda de seguros, por lo que puede esperar que hagan todo lo posible para culpar a usted.<\/p>\n<p>Para combatir esto, usted necesita un abogado de accidentes de carro de Salt Lake City de Craig Swapp &amp; Associates. Podemos reunir las pruebas necesarias para demostrar la negligencia, negociar con una compa\u00f1\u00eda de seguros en su nombre y representarle ante el tribunal.<\/p>\n<h2>Recolecci\u00f3n de evidencia es cr\u00edtica<\/h2>\n<p>Durante su consulta gratuita, vamos a discutir lo que sucedi\u00f3 durante su accidente para evaluar lo que caus\u00f3 el accidente real. Una vez que se haya determinado la causa, tendremos que demostrarlo.<\/p>\n<p>Hacerlo requerir\u00e1 revisar todas y cada una de las pruebas disponibles:<\/p>\n<ul>\n<li style=\"font-weight: 400;\">Informes de accidentes policiales<\/li>\n<li style=\"font-weight: 400;\">Video de c\u00e1maras de tr\u00e1fico cercanas<\/li>\n<li style=\"font-weight: 400;\">Fotograf\u00edas de todos los veh\u00edculos involucrados, la escena del accidente y cualquier lesi\u00f3n<\/li>\n<li style=\"font-weight: 400;\">Declaraciones de testigos presenciales<\/li>\n<\/ul>\n<p>A veces el otro grupo o las compa\u00f1\u00edas de seguros no estar\u00e1n disponibles con la informaci\u00f3n necesaria. Cuando esto sucede, hay opciones legales que podemos emplear para obligarlos a producir documentos y responder preguntas. Esto incluye la presentaci\u00f3n de interrogatorios para completar o llevar a cabo declaraciones donde hacemos preguntas mientras est\u00e1n bajo juramento.<\/p>\n<p>La evidencia que su abogado de accidentes de carro de Salt Lake City obtiene puede ser utilizada para demostrar que el otro conductor fue culpable por el accidente para que usted pueda recibir una compensaci\u00f3n financiera por sus lesiones y da\u00f1os.<\/p>\n<h2>Como recibir m\u00e1s\u00a0por su reclamaci\u00f3n<\/h2>\n<p>Nuestro trabajo es ayudarle a recibir la mayor\u00a0compensaci\u00f2n\u00a0por sus lesiones. Muy a menudo, la gente deja dinero en la mesa al no solicitar fondos para pagar gastos relacionados con accidentes m\u00e1s all\u00e1 de las facturas m\u00e9dicas. Este es un error que podemos ayudarle a evitar.<\/p>\n<p>Cualquier gasto que se produzca debido a su accidente debe ser elegible para la compensaci\u00f3n:<\/p>\n<ul>\n<li style=\"font-weight: 400;\">Modificaci\u00f3n de su hogar o veh\u00edculo para dar cabida a una lesi\u00f3n o discapacidad<\/li>\n<li style=\"font-weight: 400;\">Reparaciones a su veh\u00edculo o el costo de un reemplazo<\/li>\n<li style=\"font-weight: 400;\">Contratar a alguien para ayudar en la casa mientras se recupera<\/li>\n<li style=\"font-weight: 400;\">Ir a la terapia debido a un accidente de trastorno de estr\u00e9s postraum\u00e1tico (TEPT)<\/li>\n<li style=\"font-weight: 400;\">Salarios e ingresos perdidos actuales y futuros<\/li>\n<li style=\"font-weight: 400;\">Fisioterapia para recuperar la movilidad y la salud previa al accidente<\/li>\n<\/ul>\n<p>Para asegurar que su cuenta de arreglo final cubre todos sus gastos y da\u00f1os, necesita la ayuda de un abogado de accidentes de carro de Salt Lake City de nuestra firma. Nuestros a\u00f1os de experiencia y competencia en la ley de lesiones personales nos permite aconsejar con \u00e9xito a nuestros clientes de cuando un acuerdo es apropiado y cuando una compa\u00f1\u00eda de seguros est\u00e1 tratando de ofrecerles poco.<\/p>\n<h2>Negociar fuera del corte puede ser una opci\u00f3n<\/h2>\n<p>Despu\u00e9s de que hemos construido un caso fuerte, la compa\u00f1\u00eda de seguros puede decidir hacerle una justa oferta de arreglo. Si es as\u00ed, lo revisaremos y haremos una recomendaci\u00f3n con respecto a si usted debe aceptarlo o luchar contra ellos por m\u00e1s dinero en la corte.<\/p>\n<p>Tenga en cuenta que no puede esperar una eternidad para resolver su reclamo. En Utah, s\u00f3lo tiene cuatro a\u00f1os para presentar una demanda por una reclamaci\u00f3n por lesiones personales antes de llegar a la\u00a0estatua de limitaciones.<\/p>\n<h2>Podemos representarle en el corte<\/h2>\n<p>Si no se le trata de manera justa durante las negociaciones, puede ser necesario presentar una demanda y acudir a los tribunales. En este caso, podemos presentar una demanda en su nombre, prepararse para el juicio, y representar a usted a lo largo de los procedimientos.<\/p>\n<p>En esta etapa, es fundamental que usted tenga un abogado de accidentes de carro de Salt Lake City con la experiencia necesaria que representa a usted. Cuando trabaja con Craig Swapp &amp; Associates, puede estar seguro de que est\u00e1 trabajando con un bufete de abogados que cuenta con una amplia experiencia en salas de audiencias y puede poner esa experiencia a su favor.<\/p>\n<h2>\u00bfPor qu\u00e9 debo contratar a un abogado de accidentes de carros en Salt Lake City?<\/h2>\n<p>Su consulta y conversaciones con nosotros nunca le costar\u00e1 dinero y siempre se mantendr\u00e1 confidencial, por lo que no tiene nada que perder por simplemente\u00a0buscar nuestros consejos.\u00a0Para hacer la conexi\u00f3n a\u00fan m\u00e1s conveniente, tenemos representantes disponibles a cualquier hora-d\u00eda o noche.<\/p>\n<p>No olvides que tambi\u00e9n puedes utilizar nuestro sistema de chat gratuito (\u00a1S\u00ed, es una persona en vivo!) O simplemente rellenar el formulario en la parte inferior de esta p\u00e1gina para que alguien te contacte.<\/p>\n<p>Despu\u00e9s de su charla inicial con nosotros, un experimentado abogado de accidentes de carro de Salt Lake City comenzar\u00e1 su caso inmediatamente. Retener un abogado de accidente de auto de Craig Swapp &amp; Associates puede ayudarle de muchas maneras:<\/p>\n<ul>\n<li>Asegurarse de obtener la atenci\u00f3n m\u00e9dica adecuada, para que pueda recuperarse lo antes posible<\/li>\n<li>Trabajando con sus proveedores m\u00e9dicos para asegurarse de que sus cuentas m\u00e9dicas se pagan<\/li>\n<li>Recopilaci\u00f3n de sus registros m\u00e9dicos y otras pruebas para construir el mejor caso posible para su situaci\u00f3n<\/li>\n<li>Ayudarles a tratar con su veh\u00edculo destrozado u obtener un valor razonable si su carro fue totalizado<\/li>\n<li>\u00a1Obtener cada d\u00f3lar que se merece en un arreglo justo!<\/li>\n<\/ul>\n<p>Tenga en cuenta, la ley requiere que contratar a un abogado que practica en el mismo estado en el que se produjo su accidente automovil\u00edstico. Si necesita un abogado de accidentes de carro en Salt Lake City, Craig Swapp &amp; Associates es una empresa a la cual puede recurrir para obtener ayuda. Nuestra <a href=\"https:\/\/birdeye.com\/craig-swapp-associates-147042625253278\" target=\"_blank\" rel=\"noopener noreferrer\">rese\u00f1as de clientes anteriores<\/a>\u00a0hablan por s\u00ed mismos. Ll\u00e1menos hoy al\u00a0855-628-5050 y empezar hoy.<\/p>\n<p>&nbsp;<\/p>\n<h2>Rese\u00f1as:<\/h2>\n<div>\n<div>\n<div>\n<p><span style=\"display: none;\">\u2605\u2605\u2605\u2605\u2605<\/span><\/p>\n<\/div>\n<p>Mi hijo estaba en un accidente de coche, y contratamos a Craig Swapp para que nos ayudara a pagar los gastos m\u00e9dicos. Para mi sorpresa, todas las facturas se pagaron, \u00a1y hab\u00eda una cantidad significativa de dinero sobrante para nosotros! Se ocuparon de todo el proceso, pidiendo muy poco de nosotros. Casi ni siquiera ten\u00eda que pensar en ello. Si alguna vez estuviera en esta situaci\u00f3n de nuevo, me gustar\u00eda contratarlos en un segundo, y yo recomendar\u00eda que cualquier persona que busque este tipo de ayuda llamarlos inmediatamente.<strong>\u2014 <strong>Steve R.<\/strong><\/strong><\/p>\n<\/div>\n<p>&nbsp;<\/p>\n<div>\n<div>\n<p><span style=\"display: none;\">\u2605\u2605\u2605\u2605\u2605<\/span><\/p>\n<\/div>\n<p>Mi mayor temor, por mucho, no era entender todo el proceso. Mis experiencias anteriores con las compa\u00f1\u00edas de seguros siempre hab\u00edan sido (y siguen siendo) negativas. Tambi\u00e9n me preocupaba que me consideraran un oportunista. Eso no pod\u00eda estar m\u00e1s lejos de la verdad. Comenc\u00e9 a darme cuenta de que definitivamente hab\u00eda una lesi\u00f3n y que definitivamente iba a necesitar tratamiento. Mi administrador de casos ha sido incre\u00edble y accesible desde el primer d\u00eda. Ella ha sido un partidario emocional. Agradezco a las estrellas que hice esa llamada.<strong>\u2014\u00a0<strong>Jae P.<\/strong>, Salt Lake City, UT<\/strong><\/p>\n<\/div>\n<p>&nbsp;<\/p>\n<div>\n<div>\n<p><span style=\"display: none;\">\u2605\u2605\u2605\u2605\u2605<\/span><\/p>\n<\/div>\n<p>Ten\u00eda miedo de los gastos que tendr\u00eda que pagar a un abogado. Esper\u00e9 m\u00e1s de un a\u00f1o antes de contratar su bufete de abogados. Por fin llegu\u00e9 a su ayuda en el web donde pudieron ayudarme a entender el proceso y qu\u00e9 pasar\u00eda. Con toda honestidad me encant\u00f3 trabajar con los individuos que estaban involucrados en mi caso. Eran genuinos y sincero sobre mi caso. Se sent\u00eda como si realmente les importaba y se preocupaba por m\u00ed, no s\u00f3lo como un cliente, sino como una persona.\u00a0<strong>\u2014\u00a0Lacey B., Salt Lake City, UT<\/strong><\/p>\n<\/div>\n<\/div>\n","protected":false},"excerpt":{"rendered":"<p>Craig Swapp &amp; Associates\u00a0puede ayudarle a obtener la recuperaci\u00f3n financiera de casi cualquier accidente que se lesion\u00f3, y los accidentes de carro resultan ser el [&hellip;]<\/p>\n","protected":false},"author":2,"featured_media":0,"parent":0,"menu_order":0,"comment_status":"open","ping_status":"closed","template":"","meta":{"_acf_changed":false,"inline_featured_image":false,"footnotes":""},"class_list":["post-147","page","type-page","status-publish","hentry"],"acf":[],"_links":{"self":[{"href":"https:\/\/craigswapp.com\/spanish\/wp-json\/wp\/v2\/pages\/147","targetHints":{"allow":["GET"]}}],"collection":[{"href":"https:\/\/craigswapp.com\/spanish\/wp-json\/wp\/v2\/pages"}],"about":[{"href":"https:\/\/craigswapp.com\/spanish\/wp-json\/wp\/v2\/types\/page"}],"author":[{"embeddable":true,"href":"https:\/\/craigswapp.com\/spanish\/wp-json\/wp\/v2\/users\/2"}],"replies":[{"embeddable":true,"href":"https:\/\/craigswapp.com\/spanish\/wp-json\/wp\/v2\/comments?post=147"}],"version-history":[{"count":1,"href":"https:\/\/craigswapp.com\/spanish\/wp-json\/wp\/v2\/pages\/147\/revisions"}],"predecessor-version":[{"id":10795,"href":"https:\/\/craigswapp.com\/spanish\/wp-json\/wp\/v2\/pages\/147\/revisions\/10795"}],"wp:attachment":[{"href":"https:\/\/craigswapp.com\/spanish\/wp-json\/wp\/v2\/media?parent=147"}],"curies":[{"name":"wp","href":"https:\/\/api.w.org\/{rel}","templated":true}]}}